{"id":1459,"date":"2025-07-30T14:18:11","date_gmt":"2025-07-30T19:18:11","guid":{"rendered":"https:\/\/rvplaya.com\/?page_id=1459"},"modified":"2025-08-05T00:25:42","modified_gmt":"2025-08-05T05:25:42","slug":"rv_kiimak-oolal","status":"publish","type":"page","link":"https:\/\/rvplaya.com\/index.php\/rentas-vacacionales\/rv_kiimak-oolal\/","title":{"rendered":"Departamento Ki&#8217;imak Oolal con alberca muy cerca de la playa"},"content":{"rendered":"\n<h2 class=\"wp-block-heading\">Ki&#8217;imak Oolal, un oasis privado en el coraz\u00f3n de la Riviera Maya<\/h2>\n\n\n<div class=\"wp-block-image\">\n<figure class=\"aligncenter size-full is-resized\"><img loading=\"lazy\" decoding=\"async\" width=\"1081\" height=\"810\" src=\"https:\/\/rvplaya.com\/wp-content\/uploads\/2025\/07\/kim-estancia.jpg\" alt=\"\" class=\"wp-image-1475\" style=\"width:350px\" srcset=\"https:\/\/rvplaya.com\/wp-content\/uploads\/2025\/07\/kim-estancia.jpg 1081w, https:\/\/rvplaya.com\/wp-content\/uploads\/2025\/07\/kim-estancia-300x225.jpg 300w, https:\/\/rvplaya.com\/wp-content\/uploads\/2025\/07\/kim-estancia-1024x767.jpg 1024w, https:\/\/rvplaya.com\/wp-content\/uploads\/2025\/07\/kim-estancia-768x575.jpg 768w\" sizes=\"auto, (max-width: 1081px) 100vw, 1081px\" \/><\/figure>\n<\/div>\n\n\n<p>\u00bfImaginas despertar a solo unos pasos de una alberca de ensue\u00f1o, pero en la tranquilidad de tu propio santuario privado?<br>Bienvenido a <strong><em>Ki&#8217;imak Oolal<\/em><\/strong>, un departamento exclusivo dise\u00f1ado para ofrecerte el balance perfecto entre la emoci\u00f3n de Playa del Carmen y la serenidad de un hogar. Con una espectacular alberca semiol\u00edmpica y muy cerca de todo lo que ofrece Playa del Carmen, tu escapada so\u00f1ada comienza aqu\u00ed.<\/p>\n\n\n<div class=\"wp-block-image\">\n<figure class=\"aligncenter size-large is-resized\"><img loading=\"lazy\" decoding=\"async\" width=\"1024\" height=\"621\" src=\"https:\/\/rvplaya.com\/wp-content\/uploads\/2025\/03\/Albercas-Kiimak-1-1024x621.jpg\" alt=\"\" class=\"wp-image-1242\" style=\"width:350px\" srcset=\"https:\/\/rvplaya.com\/wp-content\/uploads\/2025\/03\/Albercas-Kiimak-1-1024x621.jpg 1024w, https:\/\/rvplaya.com\/wp-content\/uploads\/2025\/03\/Albercas-Kiimak-1-300x182.jpg 300w, https:\/\/rvplaya.com\/wp-content\/uploads\/2025\/03\/Albercas-Kiimak-1-768x466.jpg 768w, https:\/\/rvplaya.com\/wp-content\/uploads\/2025\/03\/Albercas-Kiimak-1-1536x932.jpg 1536w, https:\/\/rvplaya.com\/wp-content\/uploads\/2025\/03\/Albercas-Kiimak-1-2048x1243.jpg 2048w\" sizes=\"auto, (max-width: 1024px) 100vw, 1024px\" \/><\/figure>\n<\/div>\n\n\n<h3 class=\"wp-block-heading\">\u00c1rea social<\/h3>\n\n\n\n<div class=\"wp-block-columns is-layout-flex wp-container-core-columns-is-layout-9d6595d7 wp-block-columns-is-layout-flex\">\n<div class=\"wp-block-column is-vertically-aligned-center is-layout-flow wp-block-column-is-layout-flow\">\n<p>La estancia es lugar perfecto para disfrutar de la vista del jard\u00edn con la alberca mientras planeas las actividades del d\u00eda o para ver una pel\u00edcula en la SmartTV con nuestro WiFi de alta velocidad mientras disfrutas de tiempo de calidad con la familia.<\/p>\n\n\n\n<p><\/p>\n\n\n\n<p>Cada detalle ha sido pensado para que te sientas como en casa, pero mejor.<\/p>\n\n\n\n<p><\/p>\n\n\n\n<p>El comedor cuenta con vajilla y cubiertos suficientes para t\u00ed y tu famila. En este lugar podr\u00e1n disfrutar no s\u00f3lo de la deliciosa comida que pueden encontrar en Playa del Carmen, sino tambi\u00e9n de momentos inolvidables con tus seres queridos<\/p>\n<\/div>\n\n\n\n<div class=\"wp-block-column is-vertically-aligned-center is-layout-flow wp-block-column-is-layout-flow\"><div class=\"wp-block-image\">\n<figure class=\"aligncenter size-large is-resized\"><img loading=\"lazy\" decoding=\"async\" width=\"1024\" height=\"768\" src=\"https:\/\/rvplaya.com\/wp-content\/uploads\/2025\/07\/kim-sala-1024x768.jpg\" alt=\"\" class=\"wp-image-1472\" style=\"width:350px\" srcset=\"https:\/\/rvplaya.com\/wp-content\/uploads\/2025\/07\/kim-sala-1024x768.jpg 1024w, https:\/\/rvplaya.com\/wp-content\/uploads\/2025\/07\/kim-sala-300x225.jpg 300w, https:\/\/rvplaya.com\/wp-content\/uploads\/2025\/07\/kim-sala-768x576.jpg 768w, https:\/\/rvplaya.com\/wp-content\/uploads\/2025\/07\/kim-sala.jpg 1080w\" sizes=\"auto, (max-width: 1024px) 100vw, 1024px\" \/><\/figure>\n<\/div>\n\n<div class=\"wp-block-image\">\n<figure class=\"aligncenter size-large is-resized\"><img loading=\"lazy\" decoding=\"async\" width=\"1024\" height=\"767\" src=\"https:\/\/rvplaya.com\/wp-content\/uploads\/2025\/07\/kim-comedor-1024x767.jpg\" alt=\"\" class=\"wp-image-1473\" style=\"width:350px\" srcset=\"https:\/\/rvplaya.com\/wp-content\/uploads\/2025\/07\/kim-comedor-1024x767.jpg 1024w, https:\/\/rvplaya.com\/wp-content\/uploads\/2025\/07\/kim-comedor-300x225.jpg 300w, https:\/\/rvplaya.com\/wp-content\/uploads\/2025\/07\/kim-comedor-768x575.jpg 768w, https:\/\/rvplaya.com\/wp-content\/uploads\/2025\/07\/kim-comedor.jpg 1081w\" sizes=\"auto, (max-width: 1024px) 100vw, 1024px\" \/><\/figure>\n<\/div><\/div>\n<\/div>\n\n\n\n<h3 class=\"wp-block-heading\">Noches de descanso insuperable<\/h3>\n\n\n\n<div class=\"wp-block-columns is-layout-flex wp-container-core-columns-is-layout-9d6595d7 wp-block-columns-is-layout-flex\">\n<div class=\"wp-block-column is-vertically-aligned-center is-layout-flow wp-block-column-is-layout-flow\">\n<p>El descanso es sagrado en vacaciones. <\/p>\n\n\n\n<p>Por eso, nuestras dos c\u00f3modas habitaciones son tu refugio perfecto. La rec\u00e1mara principal cuenta con una confortable cama Queen size, walking closet y ba\u00f1o privado.<\/p>\n\n\n\n<p>Mientras que la segunda habitaci\u00f3n ofrece una pr\u00e1ctica litera con cama matrimonial y 2 camas individuales, ideales para familias o amigos. <\/p>\n\n\n\n<p>Ropa de cama de alta calidad y un ambiente silencioso te garantizan recargar energ\u00edas para un nuevo d\u00eda de aventuras.<\/p>\n<\/div>\n\n\n\n<div class=\"wp-block-column is-vertically-aligned-center is-layout-flow wp-block-column-is-layout-flow\"><div class=\"wp-block-image\">\n<figure class=\"aligncenter size-large is-resized\"><img loading=\"lazy\" decoding=\"async\" width=\"1024\" height=\"768\" src=\"https:\/\/rvplaya.com\/wp-content\/uploads\/2025\/07\/kim-principal-1024x768.jpg\" alt=\"\" class=\"wp-image-1471\" style=\"width:350px\" srcset=\"https:\/\/rvplaya.com\/wp-content\/uploads\/2025\/07\/kim-principal-1024x768.jpg 1024w, https:\/\/rvplaya.com\/wp-content\/uploads\/2025\/07\/kim-principal-300x225.jpg 300w, https:\/\/rvplaya.com\/wp-content\/uploads\/2025\/07\/kim-principal-768x576.jpg 768w, https:\/\/rvplaya.com\/wp-content\/uploads\/2025\/07\/kim-principal.jpg 1080w\" sizes=\"auto, (max-width: 1024px) 100vw, 1024px\" \/><\/figure>\n<\/div>\n\n<div class=\"wp-block-image\">\n<figure class=\"aligncenter size-large is-resized\"><img loading=\"lazy\" decoding=\"async\" width=\"1024\" height=\"622\" src=\"https:\/\/rvplaya.com\/wp-content\/uploads\/2025\/03\/ChechIn-Kiimak-1-1024x622.jpg\" alt=\"\" class=\"wp-image-1241\" style=\"width:350px\" srcset=\"https:\/\/rvplaya.com\/wp-content\/uploads\/2025\/03\/ChechIn-Kiimak-1-1024x622.jpg 1024w, https:\/\/rvplaya.com\/wp-content\/uploads\/2025\/03\/ChechIn-Kiimak-1-300x182.jpg 300w, https:\/\/rvplaya.com\/wp-content\/uploads\/2025\/03\/ChechIn-Kiimak-1-768x466.jpg 768w, https:\/\/rvplaya.com\/wp-content\/uploads\/2025\/03\/ChechIn-Kiimak-1-1536x932.jpg 1536w, https:\/\/rvplaya.com\/wp-content\/uploads\/2025\/03\/ChechIn-Kiimak-1-2048x1243.jpg 2048w\" sizes=\"auto, (max-width: 1024px) 100vw, 1024px\" \/><\/figure>\n<\/div><\/div>\n<\/div>\n\n\n\n<h3 class=\"wp-block-heading\">El Coraz\u00f3n de tu Estancia: Cocina Totalmente Equipada<\/h3>\n\n\n\n<div class=\"wp-block-columns is-layout-flex wp-container-core-columns-is-layout-9d6595d7 wp-block-columns-is-layout-flex\">\n<div class=\"wp-block-column is-vertically-aligned-center is-layout-flow wp-block-column-is-layout-flow\">\n<p>\u00bfPrefieres un desayuno tranquilo antes de disfrutar de la playa? o \u00bfConsentir a tu familia con una cena especial? <\/p>\n\n\n\n<p>Nuestra cocina tiene todo lo que necesitas: refrigerador, estufa, horno de gas, horno de microondas, cafetera, licuadora y todos los utensilios. Ahorra en restaurantes y disfruta de la libertad de cocinar a tu gusto.<\/p>\n<\/div>\n\n\n\n<div class=\"wp-block-column is-vertically-aligned-center is-layout-flow wp-block-column-is-layout-flow\"><div class=\"wp-block-image\">\n<figure class=\"aligncenter size-large is-resized\"><img loading=\"lazy\" decoding=\"async\" width=\"1024\" height=\"767\" src=\"https:\/\/rvplaya.com\/wp-content\/uploads\/2025\/07\/kim-cocina-1024x767.jpg\" alt=\"\" class=\"wp-image-1469\" style=\"width:350px\" srcset=\"https:\/\/rvplaya.com\/wp-content\/uploads\/2025\/07\/kim-cocina-1024x767.jpg 1024w, https:\/\/rvplaya.com\/wp-content\/uploads\/2025\/07\/kim-cocina-300x225.jpg 300w, https:\/\/rvplaya.com\/wp-content\/uploads\/2025\/07\/kim-cocina-768x575.jpg 768w, https:\/\/rvplaya.com\/wp-content\/uploads\/2025\/07\/kim-cocina.jpg 1081w\" sizes=\"auto, (max-width: 1024px) 100vw, 1024px\" \/><\/figure>\n<\/div><\/div>\n<\/div>\n\n\n\n<h3 class=\"wp-block-heading\">Contamos con:<\/h3>\n\n\n\n<p>* \ud83d\udcf6 WiFi de Alta Velocidad accesible en todo el departamento.<\/p>\n\n\n\n<p>* \u2744\ufe0f Aire Acondicionado en todas las \u00e1reas.<\/p>\n\n\n\n<p>* \ud83c\udfca Alberca semiol\u00edmpica con una palapa y pergolado.<\/p>\n\n\n\n<p>* \ud83d\ude97 1 lugar de estacionamiento asignado seguro.<\/p>\n\n\n\n<p>* \ud83d\udd12 Seguridad 24\/7 para tu total tranquilidad.<\/p>\n\n\n\n<p>* \ud83d\udcfa Smart TV con acceso a tus apps de streaming. S\u00f3lo configura tu cuenta y continua tu serie donde la dejaste.<\/p>\n\n\n\n<p>* \ud83e\uddfa Centro de Lavado (lavadora y secadora) dentro del departamento.<\/p>\n\n\n\n<p>* \u2615 Cocina Completamente Equipada (cafetera, licuadora, utensilios, etc.).<\/p>\n\n\n\n<p>* \u2708\ufe0f Excelente ubicaci\u00f3n: A pocos minutos de:<br>         \ud83c\udf34 Punta Esmeralda, una de las mejores playas de la zona.<br>         \u2600\ufe0f La 5a. Avenida, el centro de la actividad en Playa del Carmen.<br>         \ud83d\udc5c Soriana, Un supermercado abierto 24hrs.<br>         \ud83c\udf7d\ufe0f Excelentes opciones para comer (<a href=\"https:\/\/rvplaya.com\/index.php\/rv-playa\/recomendaciones\/\" target=\"_blank\" rel=\"noopener\" title=\"Recomendaciones\">Ver recomendaciones<\/a>).<\/p>\n\n\n\n<iframe src=\"https:\/\/www.google.com\/maps\/embed?pb=!1m18!1m12!1m3!1d3733.256020881684!2d-87.05857412561132!3d20.659160580899393!2m3!1f0!2f0!3f0!3m2!1i1024!2i768!4f13.1!3m3!1m2!1s0x8f4e5d283b71a9f1%3A0xa9351344a68895e4!2sDepartamento%20Ki&#39;imak%20O%C3%B3lal!5e0!3m2!1ses-419!2sus!4v1754370339154!5m2!1ses-419!2sus\" width=100% height=\"350\" style=\"border:0;\" allowfullscreen=\"\" loading=\"lazy\" referrerpolicy=\"no-referrer-when-downgrade\"><\/iframe>\n\n\n\n<h2 class=\"wp-block-heading\">Tu escapada perfecta est\u00e1 a un click<\/h2>\n\n\n\n<p>Las fechas se llenan r\u00e1pido en el para\u00edso. No dejes pasar la oportunidad de vivir la experiencia <strong><em>Ki&#8217;imak Oolal<\/em><\/strong>.<\/p>\n\n\n\n<p>Verifica la disponibilidad y asegura tus fechas en nuestro calendario interactivo. Solo da click en la fecha de entrada y en la de salida, llena tus datos y reserva!<\/p>\n\n\n\n<style>\n  .booking-iframe-container {\n    position: relative;\n    width: 100%;\n    max-width: 700px; \/* Ajusta el ancho m\u00e1ximo si es necesario *\/\n    margin: 20px auto;\n    border: 1px solid #ddd;\n    border-radius: 8px;\n    overflow: hidden; \/* Oculta cualquier borde del iframe *\/\n  }\n  .booking-iframe {\n    display: block;\n    width: 100%;\n    height: 750px; \/* Ajusta la altura seg\u00fan necesites para evitar el scroll *\/\n    border: 0;\n  }\n<\/style>\n\n<div class=\"booking-iframe-container\">\n  <iframe \n    class=\"booking-iframe\"\n    src=\"https:\/\/sparkling-gumdrop-44000c.netlify.app\/?propiedad=LMC106\"\n    title=\"Motor de Reservas\">\n  <\/iframe>\n<\/div>\n\n\n<div class=\"wp-block-image\">\n<figure class=\"aligncenter size-full is-resized\"><img loading=\"lazy\" decoding=\"async\" width=\"801\" height=\"419\" src=\"https:\/\/rvplaya.com\/wp-content\/uploads\/2025\/06\/Kiimak.png\" alt=\"\" class=\"wp-image-1346\" style=\"width:300px\" srcset=\"https:\/\/rvplaya.com\/wp-content\/uploads\/2025\/06\/Kiimak.png 801w, https:\/\/rvplaya.com\/wp-content\/uploads\/2025\/06\/Kiimak-300x157.png 300w, https:\/\/rvplaya.com\/wp-content\/uploads\/2025\/06\/Kiimak-768x402.png 768w\" sizes=\"auto, (max-width: 801px) 100vw, 801px\" \/><\/figure>\n<\/div>\n\n\n<h4 class=\"wp-block-heading has-text-align-center\">Es una frase maya que significa: <strong><em>Felicidad<\/em><\/strong><\/h4>\n\n\n\n<p><\/p>\n","protected":false},"excerpt":{"rendered":"<p>Ki&#8217;imak Oolal, un oasis privado en el coraz\u00f3n de la Riviera Maya \u00bfImaginas despertar a solo unos pasos de una alberca de ensue\u00f1o, pero en la tranquilidad de tu propio santuario privado?Bienvenido a Ki&#8217;imak Oolal, un departamento exclusivo dise\u00f1ado para ofrecerte el balance perfecto entre la emoci\u00f3n de Playa del Carmen y la serenidad de&#8230;<\/p>\n","protected":false},"author":4,"featured_media":1242,"parent":68,"menu_order":0,"comment_status":"closed","ping_status":"closed","template":"","meta":{"_kad_post_transparent":"","_kad_post_title":"","_kad_post_layout":"","_kad_post_sidebar_id":"","_kad_post_content_style":"","_kad_post_vertical_padding":"","_kad_post_feature":"","_kad_post_feature_position":"","_kad_post_header":false,"_kad_post_footer":false,"_kad_post_classname":"","footnotes":""},"class_list":["post-1459","page","type-page","status-publish","has-post-thumbnail","hentry"],"aioseo_notices":[],"_links":{"self":[{"href":"https:\/\/rvplaya.com\/index.php\/wp-json\/wp\/v2\/pages\/1459","targetHints":{"allow":["GET"]}}],"collection":[{"href":"https:\/\/rvplaya.com\/index.php\/wp-json\/wp\/v2\/pages"}],"about":[{"href":"https:\/\/rvplaya.com\/index.php\/wp-json\/wp\/v2\/types\/page"}],"author":[{"embeddable":true,"href":"https:\/\/rvplaya.com\/index.php\/wp-json\/wp\/v2\/users\/4"}],"replies":[{"embeddable":true,"href":"https:\/\/rvplaya.com\/index.php\/wp-json\/wp\/v2\/comments?post=1459"}],"version-history":[{"count":13,"href":"https:\/\/rvplaya.com\/index.php\/wp-json\/wp\/v2\/pages\/1459\/revisions"}],"predecessor-version":[{"id":1509,"href":"https:\/\/rvplaya.com\/index.php\/wp-json\/wp\/v2\/pages\/1459\/revisions\/1509"}],"up":[{"embeddable":true,"href":"https:\/\/rvplaya.com\/index.php\/wp-json\/wp\/v2\/pages\/68"}],"wp:featuredmedia":[{"embeddable":true,"href":"https:\/\/rvplaya.com\/index.php\/wp-json\/wp\/v2\/media\/1242"}],"wp:attachment":[{"href":"https:\/\/rvplaya.com\/index.php\/wp-json\/wp\/v2\/media?parent=1459"}],"curies":[{"name":"wp","href":"https:\/\/api.w.org\/{rel}","templated":true}]}}