{"id":1481,"date":"2025-07-31T20:50:43","date_gmt":"2025-08-01T01:50:43","guid":{"rendered":"https:\/\/rvplaya.com\/?page_id=1481"},"modified":"2025-08-05T00:24:06","modified_gmt":"2025-08-05T05:24:06","slug":"rv_akbal","status":"publish","type":"page","link":"https:\/\/rvplaya.com\/index.php\/rentas-vacacionales\/rv_akbal\/","title":{"rendered":"Departamento Akbal, exclusivo, c\u00f3modo y familiar a 1 km de la playa"},"content":{"rendered":"\n<h2 class=\"wp-block-heading\">Akbal, Tu Refugio exclusivo en Playa del Carmen: Paz, Privacidad y Confort<\/h2>\n\n\n<div class=\"wp-block-image\">\n<figure class=\"aligncenter size-full is-resized\"><img loading=\"lazy\" decoding=\"async\" width=\"1081\" height=\"810\" src=\"https:\/\/rvplaya.com\/wp-content\/uploads\/2025\/08\/RV_estancia.jpg\" alt=\"\" class=\"wp-image-1486\" style=\"width:350px\" srcset=\"https:\/\/rvplaya.com\/wp-content\/uploads\/2025\/08\/RV_estancia.jpg 1081w, https:\/\/rvplaya.com\/wp-content\/uploads\/2025\/08\/RV_estancia-300x225.jpg 300w, https:\/\/rvplaya.com\/wp-content\/uploads\/2025\/08\/RV_estancia-1024x767.jpg 1024w, https:\/\/rvplaya.com\/wp-content\/uploads\/2025\/08\/RV_estancia-768x575.jpg 768w\" sizes=\"auto, (max-width: 1081px) 100vw, 1081px\" \/><\/figure>\n<\/div>\n\n\n<p>Imagina un d\u00eda explorando las vibrantes playas, los cenotes m\u00edsticos o la colorida Quinta Avenida. Ahora imagina regresar, no a un hotel ruidoso, sino a la paz y exclusividad de tu propio departamento privado. En <strong><em>Akbal<\/em><\/strong>, te ofrecemos lo mejor de ambos mundos: acceso r\u00e1pido a toda la acci\u00f3n de la Riviera Maya y un santuario de tranquilidad para recargar energ\u00edas. Aqu\u00ed, el confort no es solo un detalle, es la experiencia completa.<\/p>\n\n\n<div class=\"wp-block-image\">\n<figure class=\"aligncenter size-large is-resized\"><img loading=\"lazy\" decoding=\"async\" width=\"1024\" height=\"767\" src=\"https:\/\/rvplaya.com\/wp-content\/uploads\/2025\/08\/RV_alberca-1024x767.jpg\" alt=\"\" class=\"wp-image-1494\" style=\"width:350px\" srcset=\"https:\/\/rvplaya.com\/wp-content\/uploads\/2025\/08\/RV_alberca-1024x767.jpg 1024w, https:\/\/rvplaya.com\/wp-content\/uploads\/2025\/08\/RV_alberca-300x225.jpg 300w, https:\/\/rvplaya.com\/wp-content\/uploads\/2025\/08\/RV_alberca-768x575.jpg 768w, https:\/\/rvplaya.com\/wp-content\/uploads\/2025\/08\/RV_alberca.jpg 1081w\" sizes=\"auto, (max-width: 1024px) 100vw, 1024px\" \/><\/figure>\n<\/div>\n\n\n<h3 class=\"wp-block-heading\">Un espacio para respirar<\/h3>\n\n\n\n<div class=\"wp-block-columns is-layout-flex wp-container-core-columns-is-layout-9d6595d7 wp-block-columns-is-layout-flex\">\n<div class=\"wp-block-column is-vertically-aligned-center is-layout-flow wp-block-column-is-layout-flow\">\n<p>Lejos del bullicio del centro, <strong><em>Akbal <\/em><\/strong>te ofrece un generoso espacio ba\u00f1ado en luz natural. El dise\u00f1o moderno crea un ambiente de calma y sofisticaci\u00f3n. Rel\u00e1jate en nuestra sala despu\u00e9s de un d\u00eda de aventuras, disfruta de la brisa en el \u00e1rea de la alberca o prepara una bebida en la cocina. Este es tu espacio para desconectarte de verdad.<\/p>\n\n\n\n<p><\/p>\n\n\n\n<p>Cada detalle ha sido pensado para que te sientas como en casa, pero mejor.<\/p>\n\n\n\n<p><\/p>\n\n\n\n<p>El comedor cuenta con vajilla y cubiertos suficientes para t\u00ed y tu famila. En este lugar podr\u00e1n disfrutar no s\u00f3lo de la deliciosa comida que pueden encontrar en Playa del Carmen, sino tambi\u00e9n de momentos inolvidables con tus seres queridos<\/p>\n<\/div>\n\n\n\n<div class=\"wp-block-column is-vertically-aligned-center is-layout-flow wp-block-column-is-layout-flow\"><div class=\"wp-block-image\">\n<figure class=\"aligncenter size-full is-resized\"><img loading=\"lazy\" decoding=\"async\" width=\"1081\" height=\"810\" src=\"https:\/\/rvplaya.com\/wp-content\/uploads\/2025\/08\/rv_sala.jpg\" alt=\"\" class=\"wp-image-1488\" style=\"width:350px\" srcset=\"https:\/\/rvplaya.com\/wp-content\/uploads\/2025\/08\/rv_sala.jpg 1081w, https:\/\/rvplaya.com\/wp-content\/uploads\/2025\/08\/rv_sala-300x225.jpg 300w, https:\/\/rvplaya.com\/wp-content\/uploads\/2025\/08\/rv_sala-1024x767.jpg 1024w, https:\/\/rvplaya.com\/wp-content\/uploads\/2025\/08\/rv_sala-768x575.jpg 768w\" sizes=\"auto, (max-width: 1081px) 100vw, 1081px\" \/><\/figure>\n<\/div>\n\n<div class=\"wp-block-image\">\n<figure class=\"aligncenter size-full is-resized\"><img loading=\"lazy\" decoding=\"async\" width=\"1081\" height=\"810\" src=\"https:\/\/rvplaya.com\/wp-content\/uploads\/2025\/08\/RV_comedor.jpg\" alt=\"\" class=\"wp-image-1489\" style=\"width:350px\" srcset=\"https:\/\/rvplaya.com\/wp-content\/uploads\/2025\/08\/RV_comedor.jpg 1081w, https:\/\/rvplaya.com\/wp-content\/uploads\/2025\/08\/RV_comedor-300x225.jpg 300w, https:\/\/rvplaya.com\/wp-content\/uploads\/2025\/08\/RV_comedor-1024x767.jpg 1024w, https:\/\/rvplaya.com\/wp-content\/uploads\/2025\/08\/RV_comedor-768x575.jpg 768w\" sizes=\"auto, (max-width: 1081px) 100vw, 1081px\" \/><\/figure>\n<\/div><\/div>\n<\/div>\n\n\n\n<h3 class=\"wp-block-heading\">Descanso Profundo, Lejos del Ruido<\/h3>\n\n\n\n<div class=\"wp-block-columns are-vertically-aligned-center is-layout-flex wp-container-core-columns-is-layout-9d6595d7 wp-block-columns-is-layout-flex\">\n<div class=\"wp-block-column is-vertically-aligned-center is-layout-flow wp-block-column-is-layout-flow\">\n<p>Aqu\u00ed, tu descanso es nuestra prioridad. Nuestras 2 habitaciones est\u00e1n dise\u00f1adas para ser tu santuario personal. Al estar en una zona residencial exclusiva, te garantizamos noches de sue\u00f1o profundo y reparador, sin las interrupciones del centro de la ciudad. <\/p>\n\n\n\n<p>La rec\u00e1mara principal con cama Queen size, ba\u00f1o privado y silencioso aire acondicionado, despertar\u00e1s renovado y listo para explorar..<\/p>\n\n\n\n<p>La segunda rec\u00e1mara cuenta con una litera triple (1 cama matrimonial y 2 individuales) que junto con la ropa de cama de alta calidad, el aire acondicionado y un ambiente silencioso te garantizan recargar energ\u00edas para un nuevo d\u00eda de aventuras.<\/p>\n<\/div>\n\n\n\n<div class=\"wp-block-column is-vertically-aligned-center is-layout-flow wp-block-column-is-layout-flow\"><div class=\"wp-block-image\">\n<figure class=\"aligncenter size-large is-resized\"><img loading=\"lazy\" decoding=\"async\" width=\"1024\" height=\"767\" src=\"https:\/\/rvplaya.com\/wp-content\/uploads\/2025\/08\/RV_principal-1024x767.jpg\" alt=\"\" class=\"wp-image-1490\" style=\"width:350px\" srcset=\"https:\/\/rvplaya.com\/wp-content\/uploads\/2025\/08\/RV_principal-1024x767.jpg 1024w, https:\/\/rvplaya.com\/wp-content\/uploads\/2025\/08\/RV_principal-300x225.jpg 300w, https:\/\/rvplaya.com\/wp-content\/uploads\/2025\/08\/RV_principal-768x575.jpg 768w, https:\/\/rvplaya.com\/wp-content\/uploads\/2025\/08\/RV_principal.jpg 1081w\" sizes=\"auto, (max-width: 1024px) 100vw, 1024px\" \/><\/figure>\n<\/div>\n\n<div class=\"wp-block-image\">\n<figure class=\"aligncenter size-full is-resized\"><img loading=\"lazy\" decoding=\"async\" width=\"1081\" height=\"810\" src=\"https:\/\/rvplaya.com\/wp-content\/uploads\/2025\/08\/RV_secundaria.jpg\" alt=\"\" class=\"wp-image-1491\" style=\"width:350px\" srcset=\"https:\/\/rvplaya.com\/wp-content\/uploads\/2025\/08\/RV_secundaria.jpg 1081w, https:\/\/rvplaya.com\/wp-content\/uploads\/2025\/08\/RV_secundaria-300x225.jpg 300w, https:\/\/rvplaya.com\/wp-content\/uploads\/2025\/08\/RV_secundaria-1024x767.jpg 1024w, https:\/\/rvplaya.com\/wp-content\/uploads\/2025\/08\/RV_secundaria-768x575.jpg 768w\" sizes=\"auto, (max-width: 1081px) 100vw, 1081px\" \/><\/figure>\n<\/div><\/div>\n<\/div>\n\n\n\n<div class=\"wp-block-columns is-layout-flex wp-container-core-columns-is-layout-9d6595d7 wp-block-columns-is-layout-flex\">\n<div class=\"wp-block-column is-vertically-aligned-center is-layout-flow wp-block-column-is-layout-flow\">\n<p><\/p>\n<\/div>\n<\/div>\n\n\n\n<h3 class=\"wp-block-heading\">El Coraz\u00f3n de tu Estancia: Cocina Totalmente Equipada<\/h3>\n\n\n\n<div class=\"wp-block-columns is-layout-flex wp-container-core-columns-is-layout-9d6595d7 wp-block-columns-is-layout-flex\">\n<div class=\"wp-block-column is-vertically-aligned-center is-layout-flow wp-block-column-is-layout-flow\">\n<p>\u00bfPrefieres un desayuno familiar antes de ir a la aventura? o \u00bfPreparar ese espectacular platillo para esa persona especial?<\/p>\n\n\n\n<p>Nuestra cocina tiene todo lo que necesitas: refrigerador, estufa, horno de gas, horno de microondas, cafetera, licuadora y todos los utensilios. Disfruta de nuestra cocina y ahorra en restaurantes y disfruta a tu manera.<\/p>\n<\/div>\n\n\n\n<div class=\"wp-block-column is-vertically-aligned-center is-layout-flow wp-block-column-is-layout-flow\"><div class=\"wp-block-image\">\n<figure class=\"aligncenter size-full is-resized\"><img loading=\"lazy\" decoding=\"async\" width=\"1081\" height=\"810\" src=\"https:\/\/rvplaya.com\/wp-content\/uploads\/2025\/08\/RV_cocina.jpg\" alt=\"\" class=\"wp-image-1492\" style=\"width:350px\" srcset=\"https:\/\/rvplaya.com\/wp-content\/uploads\/2025\/08\/RV_cocina.jpg 1081w, https:\/\/rvplaya.com\/wp-content\/uploads\/2025\/08\/RV_cocina-300x225.jpg 300w, https:\/\/rvplaya.com\/wp-content\/uploads\/2025\/08\/RV_cocina-1024x767.jpg 1024w, https:\/\/rvplaya.com\/wp-content\/uploads\/2025\/08\/RV_cocina-768x575.jpg 768w\" sizes=\"auto, (max-width: 1081px) 100vw, 1081px\" \/><\/figure>\n<\/div><\/div>\n<\/div>\n\n\n\n<h2 class=\"wp-block-heading\">La Joya del Edificio: Alberca semiol\u00edmpica<\/h2>\n\n\n\n<div class=\"wp-block-columns is-layout-flex wp-container-core-columns-is-layout-9d6595d7 wp-block-columns-is-layout-flex\">\n<div class=\"wp-block-column is-vertically-aligned-center is-layout-flow wp-block-column-is-layout-flow\">\n<p>No necesitas salir para sentirte en el para\u00edso.<\/p>\n\n\n\n<p>La espectacular alberca semiol\u00edmpica es el lugar perfecto para pasar una tarde de relax. Disfruta de un chapuz\u00f3n refrescante, toma el sol con total privacidad o simplemente admira el cielo caribe\u00f1o. Es un oasis de serenidad reservado para ti.<\/p>\n<\/div>\n\n\n\n<div class=\"wp-block-column is-vertically-aligned-center is-layout-flow wp-block-column-is-layout-flow\"><div class=\"wp-block-image\">\n<figure class=\"aligncenter size-large is-resized\"><img loading=\"lazy\" decoding=\"async\" width=\"1024\" height=\"767\" src=\"https:\/\/rvplaya.com\/wp-content\/uploads\/2025\/08\/RV_alberca-1024x767.jpg\" alt=\"\" class=\"wp-image-1494\" style=\"width:350px\" srcset=\"https:\/\/rvplaya.com\/wp-content\/uploads\/2025\/08\/RV_alberca-1024x767.jpg 1024w, https:\/\/rvplaya.com\/wp-content\/uploads\/2025\/08\/RV_alberca-300x225.jpg 300w, https:\/\/rvplaya.com\/wp-content\/uploads\/2025\/08\/RV_alberca-768x575.jpg 768w, https:\/\/rvplaya.com\/wp-content\/uploads\/2025\/08\/RV_alberca.jpg 1081w\" sizes=\"auto, (max-width: 1024px) 100vw, 1024px\" \/><\/figure>\n<\/div><\/div>\n<\/div>\n\n\n\n<h3 class=\"wp-block-heading\">Contamos con:<\/h3>\n\n\n\n<p>* \ud83d\udcf6 WiFi de Alta Velocidad accesible en todo el departamento.<\/p>\n\n\n\n<p>* \u2744\ufe0f Aire Acondicionado en todas las \u00e1reas.<\/p>\n\n\n\n<p>* \ud83c\udfca Alberca semiol\u00edmpica con una palapa y pergolado.<\/p>\n\n\n\n<p>* \ud83d\ude97 1 lugar de estacionamiento asignado seguro.<\/p>\n\n\n\n<p>* \ud83d\udd12 Seguridad 24\/7 para tu total tranquilidad.<\/p>\n\n\n\n<p>* \ud83d\udcfa Smart TV con acceso a tus apps de streaming. S\u00f3lo configura tu cuenta y continua tu serie donde la dejaste.<\/p>\n\n\n\n<p>* \ud83e\uddfa Lavadora dentro del departamento.<\/p>\n\n\n\n<p>* \u2615 Cocina Completamente Equipada (cafetera, licuadora, utensilios, etc.).<\/p>\n\n\n\n<p>* \ud83d\uded7 El departamento se encuentra en el primer piso, pero no te preocupes, para tu comodidad contamos con elevador.<\/p>\n\n\n\n<p>* \u2708\ufe0f Excelente ubicaci\u00f3n: A pocos minutos de:<br>         \ud83c\udf34 Punta Esmeralda, una de las mejores playas de la zona.<br>         \u2600\ufe0f La 5a. Avenida, el centro de la actividad en Playa del Carmen.<br>         \ud83d\udc5c Soriana, Un supermercado abierto 24hrs.<br>         \ud83c\udf7d\ufe0f Excelentes opciones para comer (<a href=\"https:\/\/rvplaya.com\/index.php\/rv-playa\/recomendaciones\/\" target=\"_blank\" rel=\"noopener\" title=\"Recomendaciones\">Ver recomendaciones<\/a>).<\/p>\n\n\n\n<div class=\"em-location-map-container\"  style='position:relative; background: #CDCDCD; width: 100%; height: 350px;'>\n\t\t\t\t<iframe class=\"em-location-map\" style=\"width:100%; height:100%; border:0;\" src=\"https:\/\/www.google.com\/maps\/embed\/v1\/place?maptype=roadmap&amp;zoom=15&amp;key=AIzaSyD6mg-M0Ooxf11np_vXns8Y8gikD1YFi0o&amp;q=Akbal%2C+Departamento+Akbal%2C+Playa+del+Carmen%2C+Quintana+Roo%2C+77727%2C+Solidaridad\" allowfullscreen><\/iframe>\n<\/div>\n\n\n\n<h2 class=\"wp-block-heading\">Tu escapada perfecta est\u00e1 a un click<\/h2>\n\n\n\n<p>Las fechas se llenan r\u00e1pido en el para\u00edso. No dejes pasar la oportunidad de vivir u aventura en <strong><em>Akbal<\/em><\/strong>.<\/p>\n\n\n\n<p>Verifica la disponibilidad y asegura tus fechas en nuestro calendario interactivo. Solo da click en la fecha de entrada y en la de salida, llena tus datos y reserva!<\/p>\n\n\n\n<style>\n  .booking-iframe-container {\n    position: relative;\n    width: 100%;\n    max-width: 700px; \/* Ajusta el ancho m\u00e1ximo si es necesario *\/\n    margin: 20px auto;\n    border: 1px solid #ddd;\n    border-radius: 8px;\n    overflow: hidden; \/* Oculta cualquier borde del iframe *\/\n  }\n  .booking-iframe {\n    display: block;\n    width: 100%;\n    height: 750px; \/* Ajusta la altura seg\u00fan necesites para evitar el scroll *\/\n    border: 0;\n  }\n<\/style>\n\n<div class=\"booking-iframe-container\">\n  <iframe \n    class=\"booking-iframe\"\n    src=\"https:\/\/sparkling-gumdrop-44000c.netlify.app\/?propiedad=LMC207\"\n    title=\"Motor de Reservas\">\n  <\/iframe>\n<\/div>\n\n\n<div class=\"wp-block-image\">\n<figure class=\"aligncenter size-full is-resized\"><img loading=\"lazy\" decoding=\"async\" width=\"801\" height=\"264\" src=\"https:\/\/rvplaya.com\/wp-content\/uploads\/2025\/06\/Akbal.png\" alt=\"\" class=\"wp-image-1345\" style=\"width:300px\" srcset=\"https:\/\/rvplaya.com\/wp-content\/uploads\/2025\/06\/Akbal.png 801w, https:\/\/rvplaya.com\/wp-content\/uploads\/2025\/06\/Akbal-300x99.png 300w, https:\/\/rvplaya.com\/wp-content\/uploads\/2025\/06\/Akbal-768x253.png 768w\" sizes=\"auto, (max-width: 801px) 100vw, 801px\" \/><\/figure>\n<\/div>\n\n\n<h4 class=\"wp-block-heading has-text-align-center\">Es una palabra maya que descibe un lugar <em><strong>hermoso<\/strong><\/em><\/h4>\n\n\n\n<p><\/p>\n","protected":false},"excerpt":{"rendered":"<p>Akbal, Tu Refugio exclusivo en Playa del Carmen: Paz, Privacidad y Confort Imagina un d\u00eda explorando las vibrantes playas, los cenotes m\u00edsticos o la colorida Quinta Avenida. Ahora imagina regresar, no a un hotel ruidoso, sino a la paz y exclusividad de tu propio departamento privado. En Akbal, te ofrecemos lo mejor de ambos mundos:&#8230;<\/p>\n","protected":false},"author":4,"featured_media":1486,"parent":68,"menu_order":0,"comment_status":"closed","ping_status":"closed","template":"","meta":{"_kad_post_transparent":"","_kad_post_title":"","_kad_post_layout":"","_kad_post_sidebar_id":"","_kad_post_content_style":"","_kad_post_vertical_padding":"","_kad_post_feature":"","_kad_post_feature_position":"","_kad_post_header":false,"_kad_post_footer":false,"_kad_post_classname":"","footnotes":""},"class_list":["post-1481","page","type-page","status-publish","has-post-thumbnail","hentry"],"aioseo_notices":[],"_links":{"self":[{"href":"https:\/\/rvplaya.com\/index.php\/wp-json\/wp\/v2\/pages\/1481","targetHints":{"allow":["GET"]}}],"collection":[{"href":"https:\/\/rvplaya.com\/index.php\/wp-json\/wp\/v2\/pages"}],"about":[{"href":"https:\/\/rvplaya.com\/index.php\/wp-json\/wp\/v2\/types\/page"}],"author":[{"embeddable":true,"href":"https:\/\/rvplaya.com\/index.php\/wp-json\/wp\/v2\/users\/4"}],"replies":[{"embeddable":true,"href":"https:\/\/rvplaya.com\/index.php\/wp-json\/wp\/v2\/comments?post=1481"}],"version-history":[{"count":5,"href":"https:\/\/rvplaya.com\/index.php\/wp-json\/wp\/v2\/pages\/1481\/revisions"}],"predecessor-version":[{"id":1507,"href":"https:\/\/rvplaya.com\/index.php\/wp-json\/wp\/v2\/pages\/1481\/revisions\/1507"}],"up":[{"embeddable":true,"href":"https:\/\/rvplaya.com\/index.php\/wp-json\/wp\/v2\/pages\/68"}],"wp:featuredmedia":[{"embeddable":true,"href":"https:\/\/rvplaya.com\/index.php\/wp-json\/wp\/v2\/media\/1486"}],"wp:attachment":[{"href":"https:\/\/rvplaya.com\/index.php\/wp-json\/wp\/v2\/media?parent=1481"}],"curies":[{"name":"wp","href":"https:\/\/api.w.org\/{rel}","templated":true}]}}