{"id":3,"date":"2022-07-07T00:48:33","date_gmt":"2022-07-07T05:48:33","guid":{"rendered":"https:\/\/rvplaya.com\/?page_id=3"},"modified":"2023-07-13T18:00:44","modified_gmt":"2023-07-13T23:00:44","slug":"privacidad","status":"publish","type":"page","link":"https:\/\/rvplaya.com\/index.php\/privacidad\/","title":{"rendered":"Privacidad"},"content":{"rendered":"\n<p class=\"has-text-align-center\"><strong>Protecci\u00f3n de datos personales. <\/strong>Con el fin de cumplir con lo establecido en la Ley Federal de Protecci\u00f3n de Datos Personales en Posesi\u00f3n de los Particulares (LFPDPPP) se emite el presente Aviso de Privacidad, mediante el cual El ASESOR, RV Playa y\/o NEXIMO, de manera conjunta, son responsables de recabar, tratar y proteger los datos personales que EL PROPIETARIO proporcione para la prestaci\u00f3n de los Servicios.<\/p>\n\n\n\n<p class=\"has-text-align-center\">El PROPIETARIO autoriza en este acto al ASESOR , RV Playa y a NEXIMO a introducir sus datos en un listado de datos de car\u00e1cter personal, cuya finalidad es servir a las actividades de intermediaci\u00f3n. Del mismo modo, el ASESOR, RV Playa y NEXIMO se comprometen, en la utilizaci\u00f3n de datos personales, a respetar su privacidad.<\/p>\n\n\n\n<p class=\"has-text-align-center\">Los Datos ser\u00e1n utilizados para la prestaci\u00f3n de los Servicios de Intermediaci\u00f3n. Con base en la Ley Federal para la protecci\u00f3n de datos personales en Posesi\u00f3n de los Particulares (LFPDPPP), el cliente tiene derecho a limitar el uso o divulgaci\u00f3n de los Datos Personales, incluy\u00e9ndose la facultad para acceder, rectificar, cancelar u oponerse al tratamiento de los mismos, para el ejercicio de cualquiera de los derechos ARCO, usted deber\u00e1 presentar la solicitud respectiva por escrito directamente en nuestra oficina o bien a trav\u00e9s del siguiente correo electr\u00f3nico info@neximo.mx. El \u00e1rea correspondiente le informar\u00e1 por correo electr\u00f3nico, al correo que usted nos proporcione, en un plazo m\u00e1ximo de quince d\u00edas contados a partir de la fecha en que se recibi\u00f3 la solicitud, la resoluci\u00f3n adoptada, a efecto de que, si resulta procedente, se haga efectiva dentro de los diez d\u00edas siguientes a la fecha en que se comunica la respuesta. Trat\u00e1ndose de solicitudes de acceso a datos personales, proceder\u00e1 la entrega previa acreditaci\u00f3n de la identidad del solicitante o representante legal, seg\u00fan corresponda.<\/p>\n\n\n\n<p class=\"has-text-align-center\">El PROPIETARIO acepta y reconoce expresamente que los Datos Personales ser\u00e1n recabados por el ASESOR y\/o RV Playa y transferidos a NEXIMO, a sus filiales, subsidiarias y empresas pertenecientes al mismo grupo de control, ya sea dentro o fuera del Pa\u00eds. Asimismo, El PROPIETARIO est\u00e1 de acuerdo y acepta que los Datos Personales ser\u00e1n transferidos a terceros ajenos al ASESOR, RV Playa o NEXIMO, en caso de que ello sea necesario para la prestaci\u00f3n de los Servicios de Intermediaci\u00f3n, sin necesidad de contar con su autorizaci\u00f3n.<\/p>\n\n\n\n<p class=\"has-text-align-center\">El presente aviso de privacidad puede sufrir modificaciones, cambios o actualizaciones derivadas de nuevos requerimientos legales; de nuestras propias necesidades por los productos o servicios que ofrecemos; de nuestras pr\u00e1cticas de privacidad; de cambios en nuestro modelo de negocio, o por otras causas. Nos comprometemos a mantenerlo informado sobre los cambios que pueda sufrir el presente aviso de privacidad, a trav\u00e9s de nuestros sitios web rvplaya.com y www.neximo.mx.<\/p>\n","protected":false},"excerpt":{"rendered":"<p>Protecci\u00f3n de datos personales. Con el fin de cumplir con lo establecido en la Ley Federal de Protecci\u00f3n de Datos Personales en Posesi\u00f3n de los Particulares (LFPDPPP) se emite el presente Aviso de Privacidad, mediante el cual El ASESOR, RV Playa y\/o NEXIMO, de manera conjunta, son responsables de recabar, tratar y proteger los datos&#8230;<\/p>\n","protected":false},"author":1,"featured_media":13,"parent":0,"menu_order":0,"comment_status":"closed","ping_status":"closed","template":"","meta":{"_kad_post_transparent":"","_kad_post_title":"","_kad_post_layout":"","_kad_post_sidebar_id":"","_kad_post_content_style":"","_kad_post_vertical_padding":"","_kad_post_feature":"","_kad_post_feature_position":"","_kad_post_header":false,"_kad_post_footer":false,"_kad_post_classname":"","footnotes":""},"class_list":["post-3","page","type-page","status-publish","has-post-thumbnail","hentry"],"aioseo_notices":[],"_links":{"self":[{"href":"https:\/\/rvplaya.com\/index.php\/wp-json\/wp\/v2\/pages\/3","targetHints":{"allow":["GET"]}}],"collection":[{"href":"https:\/\/rvplaya.com\/index.php\/wp-json\/wp\/v2\/pages"}],"about":[{"href":"https:\/\/rvplaya.com\/index.php\/wp-json\/wp\/v2\/types\/page"}],"author":[{"embeddable":true,"href":"https:\/\/rvplaya.com\/index.php\/wp-json\/wp\/v2\/users\/1"}],"replies":[{"embeddable":true,"href":"https:\/\/rvplaya.com\/index.php\/wp-json\/wp\/v2\/comments?post=3"}],"version-history":[{"count":2,"href":"https:\/\/rvplaya.com\/index.php\/wp-json\/wp\/v2\/pages\/3\/revisions"}],"predecessor-version":[{"id":327,"href":"https:\/\/rvplaya.com\/index.php\/wp-json\/wp\/v2\/pages\/3\/revisions\/327"}],"wp:featuredmedia":[{"embeddable":true,"href":"https:\/\/rvplaya.com\/index.php\/wp-json\/wp\/v2\/media\/13"}],"wp:attachment":[{"href":"https:\/\/rvplaya.com\/index.php\/wp-json\/wp\/v2\/media?parent=3"}],"curies":[{"name":"wp","href":"https:\/\/api.w.org\/{rel}","templated":true}]}}