{"id":728,"date":"2024-02-29T11:36:45","date_gmt":"2024-02-29T16:36:45","guid":{"rendered":"https:\/\/rvplaya.com\/?page_id=728"},"modified":"2025-07-29T22:31:43","modified_gmt":"2025-07-30T03:31:43","slug":"recomendaciones","status":"publish","type":"page","link":"https:\/\/rvplaya.com\/index.php\/recomendaciones\/","title":{"rendered":"Recomendaciones"},"content":{"rendered":"<div class=\"wp-block-image\">\n<figure class=\"aligncenter size-full\"><img loading=\"lazy\" decoding=\"async\" width=\"560\" height=\"78\" src=\"https:\/\/rvplaya.com\/wp-content\/uploads\/2025\/03\/Recomendaciones24.png\" alt=\"\" class=\"wp-image-1211\" srcset=\"https:\/\/rvplaya.com\/wp-content\/uploads\/2025\/03\/Recomendaciones24.png 560w, https:\/\/rvplaya.com\/wp-content\/uploads\/2025\/03\/Recomendaciones24-300x42.png 300w\" sizes=\"auto, (max-width: 560px) 100vw, 560px\" \/><\/figure>\n<\/div>\n\n\n<p class=\"has-text-align-center has-medium-font-size\"><strong>Lugares para desayunar<\/strong><\/p>\n\n\n\n<div class=\"wp-block-columns is-layout-flex wp-container-core-columns-is-layout-9d6595d7 wp-block-columns-is-layout-flex\">\n<div class=\"wp-block-column is-layout-flow wp-block-column-is-layout-flow\">\n<p class=\"has-text-align-center\"><em>Los Buhos<\/em><br>Cafeter\u00eda $$<br><a href=\"https:\/\/www.google.com.mx\/maps\/place\/Cafe%CC%81+Los+Bu%CC%81hos\/@20.663693,-87.0654888,19z\/data=!4m14!1m7!3m6!1s0x8f4e5d283b71a9f1:0xa9351344a68895e4!2sDepartamento+Ki'imak+O%C3%B3lal!8m2!3d20.6591606!4d-87.0559992!16s%2Fg%2F11nylg5cgy!3m5!1s0x8f4e42b580e77621:0xbb7593d24b1f1a95!8m2!3d20.6637799!4d-87.0651787!16s%2Fg%2F11f1lsvr8c?entry=ttu\" target=\"_blank\" rel=\"noopener\" title=\"\">Av Chemuyil Supermanzana 70 Manzana 16 Lote 15, La Toscana, 77725 Playa del Carmen, Q.R.<\/a><\/p>\n\n\n\n<p class=\"has-text-align-center\">Lunes a viernes 8:00 am a 3:00 pm<br>S\u00e1bados 8:00 am a 1:30 pm<\/p>\n\n\n\n<p>Excelente lugar para desayunar en un ambiente agradable.<br><br>Recomendaci\u00f3n personal: Huevos canasta, Sandwich franc\u00e9s<\/p>\n<\/div>\n\n\n\n<div class=\"wp-block-column is-layout-flow wp-block-column-is-layout-flow\"><div class=\"wp-block-image\">\n<figure class=\"aligncenter size-full is-resized\"><img loading=\"lazy\" decoding=\"async\" width=\"340\" height=\"371\" src=\"https:\/\/rvplaya.com\/wp-content\/uploads\/2024\/02\/Buhos.jpg\" alt=\"\" class=\"wp-image-729\" style=\"width:340px\" srcset=\"https:\/\/rvplaya.com\/wp-content\/uploads\/2024\/02\/Buhos.jpg 340w, https:\/\/rvplaya.com\/wp-content\/uploads\/2024\/02\/Buhos-275x300.jpg 275w\" sizes=\"auto, (max-width: 340px) 100vw, 340px\" \/><\/figure>\n<\/div><\/div>\n<\/div>\n\n\n\n<figure class=\"wp-block-image size-full\"><img loading=\"lazy\" decoding=\"async\" width=\"2560\" height=\"86\" src=\"https:\/\/rvplaya.com\/wp-content\/uploads\/2025\/06\/Separador-scaled.png\" alt=\"\" class=\"wp-image-1393\" srcset=\"https:\/\/rvplaya.com\/wp-content\/uploads\/2025\/06\/Separador-scaled.png 2560w, https:\/\/rvplaya.com\/wp-content\/uploads\/2025\/06\/Separador-300x10.png 300w, https:\/\/rvplaya.com\/wp-content\/uploads\/2025\/06\/Separador-1024x34.png 1024w, https:\/\/rvplaya.com\/wp-content\/uploads\/2025\/06\/Separador-768x26.png 768w, https:\/\/rvplaya.com\/wp-content\/uploads\/2025\/06\/Separador-1536x51.png 1536w, https:\/\/rvplaya.com\/wp-content\/uploads\/2025\/06\/Separador-2048x69.png 2048w\" sizes=\"auto, (max-width: 2560px) 100vw, 2560px\" \/><\/figure>\n\n\n\n<div class=\"wp-block-columns is-layout-flex wp-container-core-columns-is-layout-9d6595d7 wp-block-columns-is-layout-flex\">\n<div class=\"wp-block-column is-layout-flow wp-block-column-is-layout-flow\"><div class=\"wp-block-image\">\n<figure class=\"aligncenter size-full is-resized\"><img loading=\"lazy\" decoding=\"async\" width=\"340\" height=\"338\" src=\"https:\/\/rvplaya.com\/wp-content\/uploads\/2024\/02\/AhCacao.jpg\" alt=\"\" class=\"wp-image-730\" style=\"width:340px\" srcset=\"https:\/\/rvplaya.com\/wp-content\/uploads\/2024\/02\/AhCacao.jpg 340w, https:\/\/rvplaya.com\/wp-content\/uploads\/2024\/02\/AhCacao-300x298.jpg 300w, https:\/\/rvplaya.com\/wp-content\/uploads\/2024\/02\/AhCacao-150x150.jpg 150w\" sizes=\"auto, (max-width: 340px) 100vw, 340px\" \/><\/figure>\n<\/div><\/div>\n\n\n\n<div class=\"wp-block-column is-layout-flow wp-block-column-is-layout-flow\">\n<p class=\"has-text-align-center\"><em>Ah Cacao Chocolate Cafe<\/em><br>Cafeter\u00eda $$<\/p>\n\n\n\n<p class=\"has-text-align-center\"><a href=\"https:\/\/www.google.com.mx\/maps\/place\/Ah+Cacao+Chocolate+Caf%C3%A9\/@20.635344,-87.0667242,19z\/data=!4m10!1m2!2m1!1sAh+Cacao+Chocolate+Caf%C3%A9!3m6!1s0x8f4e43560caa643f:0x760dc164b5b9626d!8m2!3d20.6356364!4d-87.0659675!15sChhBaCBDYWNhbyBDaG9jb2xhdGUgQ2Fmw6kiA4gBAVoaIhhhaCBjYWNhbyBjaG9jb2xhdGUgY2Fmw6mSAQxlc3ByZXNzb19iYXLgAQA!16s%2Fg%2F1q641p6yt?entry=ttu\" target=\"_blank\" rel=\"noopener\" title=\"\">Quinta Avenida entre calles 38 y 40, Zazil-ha, 77720 Playa del Carmen, Q.R.<\/a><\/p>\n\n\n\n<p class=\"has-text-align-center\">Diariamente de 7:15 am a 11:15 pm<\/p>\n\n\n\n<p>Moderna cafeter\u00eda con tienda y terraza en donde se ofrecen bebidas elaboradas con caf\u00e9 y chocolate mexicano.<\/p>\n\n\n\n<p>Recomendaci\u00f3n personal: Caf\u00e9s, Cuernito con jam\u00f3n y queso<\/p>\n<\/div>\n<\/div>\n\n\n\n<figure class=\"wp-block-image size-full\"><img loading=\"lazy\" decoding=\"async\" width=\"2560\" height=\"86\" src=\"https:\/\/rvplaya.com\/wp-content\/uploads\/2025\/06\/Separador-scaled.png\" alt=\"\" class=\"wp-image-1393\" srcset=\"https:\/\/rvplaya.com\/wp-content\/uploads\/2025\/06\/Separador-scaled.png 2560w, https:\/\/rvplaya.com\/wp-content\/uploads\/2025\/06\/Separador-300x10.png 300w, https:\/\/rvplaya.com\/wp-content\/uploads\/2025\/06\/Separador-1024x34.png 1024w, https:\/\/rvplaya.com\/wp-content\/uploads\/2025\/06\/Separador-768x26.png 768w, https:\/\/rvplaya.com\/wp-content\/uploads\/2025\/06\/Separador-1536x51.png 1536w, https:\/\/rvplaya.com\/wp-content\/uploads\/2025\/06\/Separador-2048x69.png 2048w\" sizes=\"auto, (max-width: 2560px) 100vw, 2560px\" \/><\/figure>\n\n\n\n<div class=\"wp-block-columns is-layout-flex wp-container-core-columns-is-layout-9d6595d7 wp-block-columns-is-layout-flex\">\n<div class=\"wp-block-column is-layout-flow wp-block-column-is-layout-flow\">\n<p class=\"has-text-align-center\"><em>Que Huevos!<\/em><br>Cafeter\u00eda $$<\/p>\n\n\n\n<p class=\"has-text-align-center\"><a href=\"https:\/\/www.google.com.mx\/maps\/place\/Que+Huevos\/@20.6374762,-87.06692,17z\/data=!4m14!1m7!3m6!1s0x8f4e432a92d636c7:0xf20ce7d973712874!2sQue+Huevos!8m2!3d20.6382343!4d-87.0640876!16s%2Fg%2F11f39lvkbg!3m5!1s0x8f4e432a92d636c7:0xf20ce7d973712874!8m2!3d20.6382343!4d-87.0640876!16s%2Fg%2F11f39lvkbg?entry=ttu\" target=\"_blank\" rel=\"noopener\" title=\"\">Calle Quinta Avenida, Calle 48 Nte Esquina, Luis Donaldo Colosio, 77710 Playa del Carmen, Q.R.<\/a><\/p>\n\n\n\n<p class=\"has-text-align-center\">Diariamente de 7:00 am a 3:00 pm<\/p>\n\n\n\n<p>Restaurante tranquilo que ofrece platillos abundantes de gastronom\u00eda tradicional y desayunos estilo occidental.<\/p>\n\n\n\n<p>Recomendaci\u00f3n personal: Sandwich Montecristo<\/p>\n<\/div>\n\n\n\n<div class=\"wp-block-column is-layout-flow wp-block-column-is-layout-flow\"><div class=\"wp-block-image\">\n<figure class=\"aligncenter size-full is-resized\"><img loading=\"lazy\" decoding=\"async\" width=\"340\" height=\"260\" src=\"https:\/\/rvplaya.com\/wp-content\/uploads\/2024\/02\/QueHuevos.jpg\" alt=\"\" class=\"wp-image-731\" style=\"width:340px\" srcset=\"https:\/\/rvplaya.com\/wp-content\/uploads\/2024\/02\/QueHuevos.jpg 340w, https:\/\/rvplaya.com\/wp-content\/uploads\/2024\/02\/QueHuevos-300x229.jpg 300w\" sizes=\"auto, (max-width: 340px) 100vw, 340px\" \/><\/figure>\n<\/div><\/div>\n<\/div>\n\n\n\n<figure class=\"wp-block-image size-full\"><img loading=\"lazy\" decoding=\"async\" width=\"2560\" height=\"86\" src=\"https:\/\/rvplaya.com\/wp-content\/uploads\/2025\/06\/Separador-1-scaled.png\" alt=\"\" class=\"wp-image-1394\" srcset=\"https:\/\/rvplaya.com\/wp-content\/uploads\/2025\/06\/Separador-1-scaled.png 2560w, https:\/\/rvplaya.com\/wp-content\/uploads\/2025\/06\/Separador-1-300x10.png 300w, https:\/\/rvplaya.com\/wp-content\/uploads\/2025\/06\/Separador-1-1024x34.png 1024w, https:\/\/rvplaya.com\/wp-content\/uploads\/2025\/06\/Separador-1-768x26.png 768w, https:\/\/rvplaya.com\/wp-content\/uploads\/2025\/06\/Separador-1-1536x51.png 1536w, https:\/\/rvplaya.com\/wp-content\/uploads\/2025\/06\/Separador-1-2048x69.png 2048w\" sizes=\"auto, (max-width: 2560px) 100vw, 2560px\" \/><\/figure>\n\n\n\n<div class=\"wp-block-columns is-layout-flex wp-container-core-columns-is-layout-9d6595d7 wp-block-columns-is-layout-flex\">\n<div class=\"wp-block-column is-layout-flow wp-block-column-is-layout-flow\"><div class=\"wp-block-image\">\n<figure class=\"aligncenter size-full is-resized\"><img loading=\"lazy\" decoding=\"async\" width=\"340\" height=\"241\" src=\"https:\/\/rvplaya.com\/wp-content\/uploads\/2024\/02\/Chilacos.jpg\" alt=\"\" class=\"wp-image-737\" style=\"width:340px\" srcset=\"https:\/\/rvplaya.com\/wp-content\/uploads\/2024\/02\/Chilacos.jpg 340w, https:\/\/rvplaya.com\/wp-content\/uploads\/2024\/02\/Chilacos-300x213.jpg 300w\" sizes=\"auto, (max-width: 340px) 100vw, 340px\" \/><\/figure>\n<\/div><\/div>\n\n\n\n<div class=\"wp-block-column is-layout-flow wp-block-column-is-layout-flow\">\n<p class=\"has-text-align-center\"><em>Los Chilacos de Playa<\/em><br>Chilaquiler\u00eda $<\/p>\n\n\n\n<p class=\"has-text-align-center\"><a href=\"https:\/\/www.google.com.mx\/maps\/place\/Los+Chilacos+de+Playa\/@20.6501235,-87.113632,14z\/data=!4m10!1m2!2m1!1slos+chilacos!3m6!1s0x8f4e43b629b51077:0x5e3c13e6b90f5d37!8m2!3d20.6501242!4d-87.0775823!15sCgxsb3MgY2hpbGFjb3NaDiIMbG9zIGNoaWxhY29zkgEKcmVzdGF1cmFudOABAA!16s%2Fg%2F11fp62b8f2?entry=ttu\" target=\"_blank\" rel=\"noopener\" title=\"\">Chemuyil &amp; Fuente de, Monte Cibeles, Santa Fe del Carmen, 77710 Playa del Carmen, Q.R.<\/a><\/p>\n\n\n\n<p class=\"has-text-align-center\">Diariamente de 8:00 am a 3:00 pm<\/p>\n\n\n\n<p>El mejor lugar para comer chilaquiles picositos<\/p>\n\n\n\n<p>Recomendaci\u00f3n personal: Chilaquiles con cochinita y pl\u00e1tano<\/p>\n<\/div>\n<\/div>\n\n\n\n<figure class=\"wp-block-image size-full\"><img loading=\"lazy\" decoding=\"async\" width=\"2560\" height=\"86\" src=\"https:\/\/rvplaya.com\/wp-content\/uploads\/2025\/06\/Separador-scaled.png\" alt=\"\" class=\"wp-image-1393\" srcset=\"https:\/\/rvplaya.com\/wp-content\/uploads\/2025\/06\/Separador-scaled.png 2560w, https:\/\/rvplaya.com\/wp-content\/uploads\/2025\/06\/Separador-300x10.png 300w, https:\/\/rvplaya.com\/wp-content\/uploads\/2025\/06\/Separador-1024x34.png 1024w, https:\/\/rvplaya.com\/wp-content\/uploads\/2025\/06\/Separador-768x26.png 768w, https:\/\/rvplaya.com\/wp-content\/uploads\/2025\/06\/Separador-1536x51.png 1536w, https:\/\/rvplaya.com\/wp-content\/uploads\/2025\/06\/Separador-2048x69.png 2048w\" sizes=\"auto, (max-width: 2560px) 100vw, 2560px\" \/><\/figure>\n\n\n\n<p class=\"has-text-align-center has-medium-font-size\"><strong>Lugares para comer<\/strong><\/p>\n\n\n\n<div class=\"wp-block-columns is-layout-flex wp-container-core-columns-is-layout-9d6595d7 wp-block-columns-is-layout-flex\">\n<div class=\"wp-block-column is-layout-flow wp-block-column-is-layout-flow\">\n<p class=\"has-text-align-center\"><em>El Oasis<\/em><br>Mariscos $$$<\/p>\n\n\n\n<p class=\"has-text-align-center\"><a href=\"https:\/\/www.google.com.mx\/maps\/place\/El+Oasis+Mariscos+%7C+Playa+del+Carmen\/@20.6327378,-87.097997,15z\/data=!4m10!1m2!2m1!1sel+oasis!3m6!1s0x8f4e432235ba62e7:0x2b5997ca51d74c0b!8m2!3d20.6327378!4d-87.0799726!15sCghlbCBvYXNpc1oHIgVvYXNpc5IBEnNlYWZvb2RfcmVzdGF1cmFudJoBIENoUkRTVWhOTUc5blMwVkpRMEZuU1VObkxYQkpWeEFC4AEA!16s%2Fg%2F11b5wmq55k?entry=ttu\" target=\"_blank\" rel=\"noopener\" title=\"\">50 Av. Nte. esq. Calle 22 Nte Mza. 7, Lote 1, Ejidal, 77710 Playa del Carmen, Q.R.<\/a><\/p>\n\n\n\n<p class=\"has-text-align-center\">Diariamente de 11:00 am a 10:00 pm<\/p>\n\n\n\n<p>Recomendaci\u00f3n personal: Tacos gobernador, Paella, Mign\u00f3n de camar\u00f3n al chipotle<\/p>\n<\/div>\n\n\n\n<div class=\"wp-block-column is-layout-flow wp-block-column-is-layout-flow\">\n<figure class=\"wp-block-image size-full\"><img loading=\"lazy\" decoding=\"async\" width=\"340\" height=\"346\" src=\"https:\/\/rvplaya.com\/wp-content\/uploads\/2024\/02\/Oasis.jpg\" alt=\"\" class=\"wp-image-732\" srcset=\"https:\/\/rvplaya.com\/wp-content\/uploads\/2024\/02\/Oasis.jpg 340w, https:\/\/rvplaya.com\/wp-content\/uploads\/2024\/02\/Oasis-295x300.jpg 295w\" sizes=\"auto, (max-width: 340px) 100vw, 340px\" \/><\/figure>\n<\/div>\n<\/div>\n\n\n\n<figure class=\"wp-block-image size-full\"><img loading=\"lazy\" decoding=\"async\" width=\"2560\" height=\"86\" src=\"https:\/\/rvplaya.com\/wp-content\/uploads\/2025\/06\/Separador-scaled.png\" alt=\"\" class=\"wp-image-1393\" srcset=\"https:\/\/rvplaya.com\/wp-content\/uploads\/2025\/06\/Separador-scaled.png 2560w, https:\/\/rvplaya.com\/wp-content\/uploads\/2025\/06\/Separador-300x10.png 300w, https:\/\/rvplaya.com\/wp-content\/uploads\/2025\/06\/Separador-1024x34.png 1024w, https:\/\/rvplaya.com\/wp-content\/uploads\/2025\/06\/Separador-768x26.png 768w, https:\/\/rvplaya.com\/wp-content\/uploads\/2025\/06\/Separador-1536x51.png 1536w, https:\/\/rvplaya.com\/wp-content\/uploads\/2025\/06\/Separador-2048x69.png 2048w\" sizes=\"auto, (max-width: 2560px) 100vw, 2560px\" \/><\/figure>\n\n\n\n<div class=\"wp-block-columns is-layout-flex wp-container-core-columns-is-layout-9d6595d7 wp-block-columns-is-layout-flex\">\n<div class=\"wp-block-column is-layout-flow wp-block-column-is-layout-flow\"><div class=\"wp-block-image\">\n<figure class=\"aligncenter size-full is-resized\"><img loading=\"lazy\" decoding=\"async\" width=\"340\" height=\"249\" src=\"https:\/\/rvplaya.com\/wp-content\/uploads\/2024\/02\/LarayLuca.jpg\" alt=\"\" class=\"wp-image-733\" style=\"width:340px\" srcset=\"https:\/\/rvplaya.com\/wp-content\/uploads\/2024\/02\/LarayLuca.jpg 340w, https:\/\/rvplaya.com\/wp-content\/uploads\/2024\/02\/LarayLuca-300x220.jpg 300w\" sizes=\"auto, (max-width: 340px) 100vw, 340px\" \/><\/figure>\n<\/div><\/div>\n\n\n\n<div class=\"wp-block-column is-layout-flow wp-block-column-is-layout-flow\">\n<p class=\"has-text-align-center\"><em>Lara &amp; Luca<\/em><br>Bistro franc\u00e9s $$$<\/p>\n\n\n\n<p class=\"has-text-align-center\"><a href=\"https:\/\/www.google.com.mx\/maps\/place\/Lara%26Luca+Playa+del+Carmen\/@20.6211541,-87.083879,17z\/data=!3m1!4b1!4m6!3m5!1s0x8f4e433e13abfed5:0x691e49c4594f94d7!8m2!3d20.6211491!4d-87.0813041!16s%2Fg%2F11c5rv8kv4?entry=ttu\" target=\"_blank\" rel=\"noopener\" title=\"\">Diag. Aeropuerto MZ 29-LT 4, fase II, Playacar, 77710 Playa del Carmen, Q.R.<\/a><\/p>\n\n\n\n<p class=\"has-text-align-center\">Diariamente de 7:30 am a 10:00 pm<\/p>\n\n\n\n<p>Restaurante y cafeter\u00eda tranquila en la que se sirven desayunos, s\u00e1ndwiches y ensaladas de estilo franc\u00e9s.<\/p>\n\n\n\n<p>Recomendaci\u00f3n personal: Croque Madame<\/p>\n<\/div>\n<\/div>\n\n\n\n<figure class=\"wp-block-image size-full\"><img loading=\"lazy\" decoding=\"async\" width=\"2560\" height=\"86\" src=\"https:\/\/rvplaya.com\/wp-content\/uploads\/2025\/06\/Separador-scaled.png\" alt=\"\" class=\"wp-image-1393\" srcset=\"https:\/\/rvplaya.com\/wp-content\/uploads\/2025\/06\/Separador-scaled.png 2560w, https:\/\/rvplaya.com\/wp-content\/uploads\/2025\/06\/Separador-300x10.png 300w, https:\/\/rvplaya.com\/wp-content\/uploads\/2025\/06\/Separador-1024x34.png 1024w, https:\/\/rvplaya.com\/wp-content\/uploads\/2025\/06\/Separador-768x26.png 768w, https:\/\/rvplaya.com\/wp-content\/uploads\/2025\/06\/Separador-1536x51.png 1536w, https:\/\/rvplaya.com\/wp-content\/uploads\/2025\/06\/Separador-2048x69.png 2048w\" sizes=\"auto, (max-width: 2560px) 100vw, 2560px\" \/><\/figure>\n\n\n\n<div class=\"wp-block-columns is-layout-flex wp-container-core-columns-is-layout-9d6595d7 wp-block-columns-is-layout-flex\">\n<div class=\"wp-block-column is-layout-flow wp-block-column-is-layout-flow\">\n<p class=\"has-text-align-center\"><em>Mu. Burgerhouse<\/em><br>Hamburgueser\u00eda $$$<\/p>\n\n\n\n<p class=\"has-text-align-center\"><a href=\"https:\/\/www.google.com.mx\/maps\/place\/Mu.+Burgerhouse\/@20.6287188,-87.0824072,17z\/data=!4m14!1m7!3m6!1s0x8f4e4323286e6767:0xd9a0a948fcc6e665!2sMu.+Burgerhouse!8m2!3d20.6287138!4d-87.0798323!16s%2Fg%2F11d_3jpnv1!3m5!1s0x8f4e4323286e6767:0xd9a0a948fcc6e665!8m2!3d20.6287138!4d-87.0798323!16s%2Fg%2F11d_3jpnv1?entry=ttu\" target=\"_blank\" rel=\"noopener\" title=\"\">40 Avenida Nte. 11, entre calles 4 y 6, Centro, 77710 Playa del Carmen, Q.R.<\/a><\/p>\n\n\n\n<p class=\"has-text-align-center\">Diariamente 1:30 pm a 11:30 pm<\/p>\n\n\n\n<p>Restaurante sencillo, con un patio arbolado, que ofrece una variedad de hamburguesas, papas fritas y cervezas.<\/p>\n\n\n\n<p>Recomendaci\u00f3n personal: Mu 2.0<\/p>\n<\/div>\n\n\n\n<div class=\"wp-block-column is-layout-flow wp-block-column-is-layout-flow\"><div class=\"wp-block-image\">\n<figure class=\"aligncenter size-full is-resized\"><img loading=\"lazy\" decoding=\"async\" width=\"340\" height=\"302\" src=\"https:\/\/rvplaya.com\/wp-content\/uploads\/2024\/02\/Mu.jpg\" alt=\"\" class=\"wp-image-734\" style=\"width:340px\" srcset=\"https:\/\/rvplaya.com\/wp-content\/uploads\/2024\/02\/Mu.jpg 340w, https:\/\/rvplaya.com\/wp-content\/uploads\/2024\/02\/Mu-300x266.jpg 300w\" sizes=\"auto, (max-width: 340px) 100vw, 340px\" \/><\/figure>\n<\/div><\/div>\n<\/div>\n\n\n\n<figure class=\"wp-block-image size-full\"><img loading=\"lazy\" decoding=\"async\" width=\"2560\" height=\"86\" src=\"https:\/\/rvplaya.com\/wp-content\/uploads\/2025\/06\/Separador-scaled.png\" alt=\"\" class=\"wp-image-1393\" srcset=\"https:\/\/rvplaya.com\/wp-content\/uploads\/2025\/06\/Separador-scaled.png 2560w, https:\/\/rvplaya.com\/wp-content\/uploads\/2025\/06\/Separador-300x10.png 300w, https:\/\/rvplaya.com\/wp-content\/uploads\/2025\/06\/Separador-1024x34.png 1024w, https:\/\/rvplaya.com\/wp-content\/uploads\/2025\/06\/Separador-768x26.png 768w, https:\/\/rvplaya.com\/wp-content\/uploads\/2025\/06\/Separador-1536x51.png 1536w, https:\/\/rvplaya.com\/wp-content\/uploads\/2025\/06\/Separador-2048x69.png 2048w\" sizes=\"auto, (max-width: 2560px) 100vw, 2560px\" \/><\/figure>\n\n\n\n<div class=\"wp-block-columns is-layout-flex wp-container-core-columns-is-layout-9d6595d7 wp-block-columns-is-layout-flex\">\n<div class=\"wp-block-column is-layout-flow wp-block-column-is-layout-flow\"><div class=\"wp-block-image\">\n<figure class=\"aligncenter size-full is-resized\"><img loading=\"lazy\" decoding=\"async\" width=\"340\" height=\"233\" src=\"https:\/\/rvplaya.com\/wp-content\/uploads\/2024\/02\/Amate38.jpg\" alt=\"\" class=\"wp-image-738\" style=\"width:340px\" srcset=\"https:\/\/rvplaya.com\/wp-content\/uploads\/2024\/02\/Amate38.jpg 340w, https:\/\/rvplaya.com\/wp-content\/uploads\/2024\/02\/Amate38-300x206.jpg 300w\" sizes=\"auto, (max-width: 340px) 100vw, 340px\" \/><\/figure>\n<\/div><\/div>\n\n\n\n<div class=\"wp-block-column is-layout-flow wp-block-column-is-layout-flow\">\n<p class=\"has-text-align-center\"><em>Amate 38<\/em><br>Restaurante $$<\/p>\n\n\n\n<p class=\"has-text-align-center\"><a href=\"https:\/\/www.google.com.mx\/maps\/place\/Amate+38\/@20.6350424,-87.0655403,21z\/data=!4m9!1m2!2m1!1slos+chilacos!3m5!1s0x8f4e43b0f77e0377:0x999b0f6c4365d41!8m2!3d20.6350424!4d-87.0652586!16s%2Fg%2F11fftx5xls?entry=ttu\" target=\"_blank\" rel=\"noopener\" title=\"\">Calle 38 Norte entre, 5 Av. Nte. y, Gonzalo Guerrero, 77710 Playa del Carmen, Q.R.<\/a><\/p>\n\n\n\n<p class=\"has-text-align-center\">Lunes a S\u00e1bado 8:00 am a 10:30 pm<br>S\u00e1bados 8:00 am a 2:00 pm<\/p>\n\n\n\n<p>Lugar estilo tropical con asientos al aire libre que ofrece platos yucatecos con carne y mariscos.<\/p>\n\n\n\n<p>Recomendaci\u00f3n personal: Filete de res al carb\u00f3n<\/p>\n<\/div>\n<\/div>\n\n\n\n<figure class=\"wp-block-image size-full\"><img loading=\"lazy\" decoding=\"async\" width=\"2560\" height=\"86\" src=\"https:\/\/rvplaya.com\/wp-content\/uploads\/2025\/06\/Separador-scaled.png\" alt=\"\" class=\"wp-image-1393\" srcset=\"https:\/\/rvplaya.com\/wp-content\/uploads\/2025\/06\/Separador-scaled.png 2560w, https:\/\/rvplaya.com\/wp-content\/uploads\/2025\/06\/Separador-300x10.png 300w, https:\/\/rvplaya.com\/wp-content\/uploads\/2025\/06\/Separador-1024x34.png 1024w, https:\/\/rvplaya.com\/wp-content\/uploads\/2025\/06\/Separador-768x26.png 768w, https:\/\/rvplaya.com\/wp-content\/uploads\/2025\/06\/Separador-1536x51.png 1536w, https:\/\/rvplaya.com\/wp-content\/uploads\/2025\/06\/Separador-2048x69.png 2048w\" sizes=\"auto, (max-width: 2560px) 100vw, 2560px\" \/><\/figure>\n\n\n\n<p class=\"has-text-align-center has-medium-font-size\"><strong>Lugares para Cenar<\/strong><\/p>\n\n\n\n<div class=\"wp-block-columns is-layout-flex wp-container-core-columns-is-layout-9d6595d7 wp-block-columns-is-layout-flex\">\n<div class=\"wp-block-column is-layout-flow wp-block-column-is-layout-flow\">\n<p class=\"has-text-align-center\"><em>Tacos Don Chava<\/em><br>Taquer\u00eda $$<\/p>\n\n\n\n<p class=\"has-text-align-center\"><a href=\"https:\/\/www.google.com.mx\/maps\/place\/Tacos+Don+Chava\/@20.6555189,-87.0866266,15z\/data=!4m10!1m2!2m1!1sdon+chava+playa+del+carmen!3m6!1s0x8f4e4363cf4a0071:0xad4982e4fe97889d!8m2!3d20.6590473!4d-87.0677271!15sChpkb24gY2hhdmEgcGxheWEgZGVsIGNhcm1lblocIhpkb24gY2hhdmEgcGxheWEgZGVsIGNhcm1lbpIBD3RhY29fcmVzdGF1cmFudOABAA!16s%2Fg%2F11gy3bvylf?entry=ttu\" target=\"_blank\" rel=\"noopener\" title=\"\">Av. 28 de Julio, Blvd. de Las Americas esq, Mundo H\u00e1bitat, 77714 Playa del Carmen, Q.R.<\/a><\/p>\n\n\n\n<p class=\"has-text-align-center\">Lunes a S\u00e1bado 4:30 pm a 12:00 am<\/p>\n\n\n\n<p>Una taquer\u00eda con todo el sabor mexicano<\/p>\n\n\n\n<p>Recomendaci\u00f3n personal: Quesadilla de pastor<\/p>\n<\/div>\n\n\n\n<div class=\"wp-block-column is-layout-flow wp-block-column-is-layout-flow\"><div class=\"wp-block-image\">\n<figure class=\"aligncenter size-full is-resized\"><img loading=\"lazy\" decoding=\"async\" width=\"340\" height=\"280\" src=\"https:\/\/rvplaya.com\/wp-content\/uploads\/2024\/02\/DonChava.jpg\" alt=\"\" class=\"wp-image-735\" style=\"width:340px\" srcset=\"https:\/\/rvplaya.com\/wp-content\/uploads\/2024\/02\/DonChava.jpg 340w, https:\/\/rvplaya.com\/wp-content\/uploads\/2024\/02\/DonChava-300x247.jpg 300w\" sizes=\"auto, (max-width: 340px) 100vw, 340px\" \/><\/figure>\n<\/div><\/div>\n<\/div>\n\n\n\n<figure class=\"wp-block-image size-full\"><img loading=\"lazy\" decoding=\"async\" width=\"2560\" height=\"86\" src=\"https:\/\/rvplaya.com\/wp-content\/uploads\/2025\/06\/Separador-scaled.png\" alt=\"\" class=\"wp-image-1393\" srcset=\"https:\/\/rvplaya.com\/wp-content\/uploads\/2025\/06\/Separador-scaled.png 2560w, https:\/\/rvplaya.com\/wp-content\/uploads\/2025\/06\/Separador-300x10.png 300w, https:\/\/rvplaya.com\/wp-content\/uploads\/2025\/06\/Separador-1024x34.png 1024w, https:\/\/rvplaya.com\/wp-content\/uploads\/2025\/06\/Separador-768x26.png 768w, https:\/\/rvplaya.com\/wp-content\/uploads\/2025\/06\/Separador-1536x51.png 1536w, https:\/\/rvplaya.com\/wp-content\/uploads\/2025\/06\/Separador-2048x69.png 2048w\" sizes=\"auto, (max-width: 2560px) 100vw, 2560px\" \/><\/figure>\n\n\n\n<div class=\"wp-block-columns is-layout-flex wp-container-core-columns-is-layout-9d6595d7 wp-block-columns-is-layout-flex\">\n<div class=\"wp-block-column is-layout-flow wp-block-column-is-layout-flow\"><div class=\"wp-block-image\">\n<figure class=\"aligncenter size-full\"><img loading=\"lazy\" decoding=\"async\" width=\"340\" height=\"231\" src=\"https:\/\/rvplaya.com\/wp-content\/uploads\/2024\/02\/Famiglia.jpg\" alt=\"\" class=\"wp-image-736\" srcset=\"https:\/\/rvplaya.com\/wp-content\/uploads\/2024\/02\/Famiglia.jpg 340w, https:\/\/rvplaya.com\/wp-content\/uploads\/2024\/02\/Famiglia-300x204.jpg 300w\" sizes=\"auto, (max-width: 340px) 100vw, 340px\" \/><\/figure>\n<\/div><\/div>\n\n\n\n<div class=\"wp-block-column is-layout-flow wp-block-column-is-layout-flow\">\n<p class=\"has-text-align-center\"><em>La Famiglia<\/em><br>Restaurante italiano $$<\/p>\n\n\n\n<p class=\"has-text-align-center\"><a href=\"https:\/\/www.google.com.mx\/maps\/place\/La+Famiglia\/@20.627439,-87.0757233,17z\/data=!3m1!4b1!4m6!3m5!1s0x85c7223b86e3c2e1:0xaf1f161ba4c4e3c1!8m2!3d20.627434!4d-87.0731484!16s%2Fg%2F1tdrfps2?entry=ttu\" target=\"_blank\" rel=\"noopener\" title=\"\">10 Av. Sur 10, Centro, 77710 Playa del Carmen, Q.R.<\/a><\/p>\n\n\n\n<p class=\"has-text-align-center\">Diariamente 8:00 am a 12:00 am<\/p>\n\n\n\n<p>La mejor comida italiana de Playa del Carmen, hecha al momento y deliciosa<\/p>\n\n\n\n<p>Recomendaci\u00f3n personal: Pizza Margarita<\/p>\n<\/div>\n<\/div>\n\n\n\n<figure class=\"wp-block-image size-full\"><img loading=\"lazy\" decoding=\"async\" width=\"2560\" height=\"86\" src=\"https:\/\/rvplaya.com\/wp-content\/uploads\/2025\/06\/Separador-scaled.png\" alt=\"\" class=\"wp-image-1393\" srcset=\"https:\/\/rvplaya.com\/wp-content\/uploads\/2025\/06\/Separador-scaled.png 2560w, https:\/\/rvplaya.com\/wp-content\/uploads\/2025\/06\/Separador-300x10.png 300w, https:\/\/rvplaya.com\/wp-content\/uploads\/2025\/06\/Separador-1024x34.png 1024w, https:\/\/rvplaya.com\/wp-content\/uploads\/2025\/06\/Separador-768x26.png 768w, https:\/\/rvplaya.com\/wp-content\/uploads\/2025\/06\/Separador-1536x51.png 1536w, https:\/\/rvplaya.com\/wp-content\/uploads\/2025\/06\/Separador-2048x69.png 2048w\" sizes=\"auto, (max-width: 2560px) 100vw, 2560px\" \/><\/figure>\n","protected":false},"excerpt":{"rendered":"<p>Lugares para desayunar Los BuhosCafeter\u00eda $$Av Chemuyil Supermanzana 70 Manzana 16 Lote 15, La Toscana, 77725 Playa del Carmen, Q.R. Lunes a viernes 8:00 am a 3:00 pmS\u00e1bados 8:00 am a 1:30 pm Excelente lugar para desayunar en un ambiente agradable. Recomendaci\u00f3n personal: Huevos canasta, Sandwich franc\u00e9s Ah Cacao Chocolate CafeCafeter\u00eda $$ Quinta Avenida entre&#8230;<\/p>\n","protected":false},"author":4,"featured_media":738,"parent":0,"menu_order":0,"comment_status":"closed","ping_status":"closed","template":"","meta":{"_kad_post_transparent":"","_kad_post_title":"","_kad_post_layout":"","_kad_post_sidebar_id":"","_kad_post_content_style":"","_kad_post_vertical_padding":"","_kad_post_feature":"","_kad_post_feature_position":"","_kad_post_header":false,"_kad_post_footer":false,"_kad_post_classname":"","footnotes":""},"class_list":["post-728","page","type-page","status-publish","has-post-thumbnail","hentry"],"aioseo_notices":[],"_links":{"self":[{"href":"https:\/\/rvplaya.com\/index.php\/wp-json\/wp\/v2\/pages\/728","targetHints":{"allow":["GET"]}}],"collection":[{"href":"https:\/\/rvplaya.com\/index.php\/wp-json\/wp\/v2\/pages"}],"about":[{"href":"https:\/\/rvplaya.com\/index.php\/wp-json\/wp\/v2\/types\/page"}],"author":[{"embeddable":true,"href":"https:\/\/rvplaya.com\/index.php\/wp-json\/wp\/v2\/users\/4"}],"replies":[{"embeddable":true,"href":"https:\/\/rvplaya.com\/index.php\/wp-json\/wp\/v2\/comments?post=728"}],"version-history":[{"count":2,"href":"https:\/\/rvplaya.com\/index.php\/wp-json\/wp\/v2\/pages\/728\/revisions"}],"predecessor-version":[{"id":1458,"href":"https:\/\/rvplaya.com\/index.php\/wp-json\/wp\/v2\/pages\/728\/revisions\/1458"}],"wp:featuredmedia":[{"embeddable":true,"href":"https:\/\/rvplaya.com\/index.php\/wp-json\/wp\/v2\/media\/738"}],"wp:attachment":[{"href":"https:\/\/rvplaya.com\/index.php\/wp-json\/wp\/v2\/media?parent=728"}],"curies":[{"name":"wp","href":"https:\/\/api.w.org\/{rel}","templated":true}]}}