{"id":806,"date":"2024-05-13T23:29:55","date_gmt":"2024-05-14T04:29:55","guid":{"rendered":"https:\/\/rvplaya.com\/?page_id=806"},"modified":"2024-05-16T12:51:10","modified_gmt":"2024-05-16T17:51:10","slug":"faqs","status":"publish","type":"page","link":"https:\/\/rvplaya.com\/index.php\/faqs\/","title":{"rendered":"FAQs"},"content":{"rendered":"\n<p><\/p>\n\n\n\n<ul class=\"wp-block-list\">\n<li><strong>\u00bfCu\u00e1les son los pasos para comprar una propiedad en Playa del Carmen<\/strong>?<\/li>\n<\/ul>\n\n\n\n<p>Te asesoramos con una gu\u00eda detallada desde la selecci\u00f3n de la propiedad hasta el cierre del trato, incluyendo asistencia legal para garantizar un proceso transparente y eficiente.<\/p>\n\n\n\n<ul class=\"wp-block-list\">\n<li><strong>\u00bfQu\u00e9 documentos necesito para comprar una propiedad siendo extranjero?<\/strong><\/li>\n<\/ul>\n\n\n\n<p>Requerimos pasaporte vigente, forma migratoria, y un contrato de promesa de compraventa. Tambi\u00e9n te asesoramos en la obtenci\u00f3n del permiso de la Secretar\u00eda de Relaciones Exteriores. Adicionalmente ser\u00e1 necesario que adquieras un fideicomiso. Ac\u00e9rcate a nosotros para brindarte m\u00e1s informaci\u00f3n al respecto<\/p>\n\n\n\n<ul class=\"wp-block-list\">\n<li><strong>\u00bfOfrecen financiamiento o hipotecas para la compra de propiedades?<\/strong><\/li>\n<\/ul>\n\n\n\n<p>RV Playa no ofrece ning\u00fan financiamiento hipotecario, pero colaboramos con diversas instituciones financieras para ofrecer opciones de cr\u00e9dito hipotecario adaptadas a tus necesidades, incluyendo asesoramiento en cada paso.<\/p>\n\n\n\n<ul class=\"wp-block-list\">\n<li><strong>\u00bfCu\u00e1les son los costos adicionales al comprar una propiedad (impuestos, comisiones)?<\/strong><\/li>\n<\/ul>\n\n\n\n<p>Te detallamos todos los costos, como impuestos de transferencia, honorarios notariales, y comisiones, para que no haya sorpresas durante el proceso de compra.<\/p>\n\n\n\n<ul class=\"wp-block-list\">\n<li><strong>\u00bfC\u00f3mo puedo agendar una visita a una propiedad?<\/strong><\/li>\n<\/ul>\n\n\n\n<p>Ya tienes algo en mente? Cont\u00e1ctanos para programar una visita, contamos con opciones flexibles para locales, visitantes y extranjeros.<\/p>\n\n\n\n<ul class=\"wp-block-list\">\n<li><strong>\u00bfCu\u00e1les son las mejores \u00e1reas para invertir en Playa del Carmen?<\/strong><\/li>\n<\/ul>\n\n\n\n<p>Ofrecemos un an\u00e1lisis actualizado de las zonas con mayor potencial de revalorizaci\u00f3n y rentabilidad, basado en estudios de mercado y nuestras vasta experiencia. Cont\u00e1ctanos, seguramente tenemos una opci\u00f3n para ti<\/p>\n\n\n\n<ul class=\"wp-block-list\">\n<li><strong>\u00bfPueden ayudarme con la gesti\u00f3n de propiedades para alquiler?<\/strong><\/li>\n<\/ul>\n\n\n\n<p>Claro que si, tenemos servicios estandarizados para la administraci\u00f3n o bien podemos buscar una soluci\u00f3n personalizada <\/p>\n\n\n\n<ul class=\"wp-block-list\">\n<li><strong>\u00bfQu\u00e9 tipo de propiedades tienen disponibles actualmente?<\/strong><\/li>\n<\/ul>\n\n\n\n<p>Contamos con un amplio cat\u00e1logo de propiedades, desde estudios econ\u00f3micos hasta lujosas propiedades en zonas exclusivas. Cont\u00e1ctanos, juntos encontraremos la propiedad que se adapte a tus necesidades. <\/p>\n\n\n\n<ul class=\"wp-block-list\">\n<li><strong>\u00bfC\u00f3mo puedo recibir asesor\u00eda personalizada para mi compra?<\/strong><\/li>\n<\/ul>\n\n\n\n<p>Ofrecemos consultor\u00eda personalizada para entender tus necesidades y preferencias, asegurando que encuentres la propiedad ideal para ti y tu familia.<\/p>\n\n\n\n<ul class=\"wp-block-list\">\n<li><strong>\u00bfPueden ayudarme a anunciar mi propiedad en plataformas de renta vacacional como Airbnb?<\/strong><\/li>\n<\/ul>\n\n\n\n<p>Tenemos una amplia experiencia en la administraci\u00f3n de anuncios en la plataforma Airbnb. Te asesoramos para que tu propiedad tenga el mayor n\u00famero de reservaciones posibles y maximices tus ingresos. <\/p>\n\n\n<div class=\"wp-block-image\">\n<figure class=\"aligncenter size-large is-resized\"><img loading=\"lazy\" decoding=\"async\" width=\"1024\" height=\"239\" src=\"https:\/\/rvplaya.com\/wp-content\/uploads\/2024\/05\/RV-2024-1024x239.jpg\" alt=\"\" class=\"wp-image-797\" style=\"width:350px\" srcset=\"https:\/\/rvplaya.com\/wp-content\/uploads\/2024\/05\/RV-2024-1024x239.jpg 1024w, https:\/\/rvplaya.com\/wp-content\/uploads\/2024\/05\/RV-2024-300x70.jpg 300w, https:\/\/rvplaya.com\/wp-content\/uploads\/2024\/05\/RV-2024-768x179.jpg 768w, https:\/\/rvplaya.com\/wp-content\/uploads\/2024\/05\/RV-2024.jpg 1319w\" sizes=\"auto, (max-width: 1024px) 100vw, 1024px\" \/><\/figure>\n<\/div>\n\n\n<figure class=\"wp-block-image alignwide size-full\"><img loading=\"lazy\" decoding=\"async\" width=\"810\" height=\"21\" src=\"https:\/\/rvplaya.com\/wp-content\/uploads\/2024\/01\/Separador24.png\" alt=\"\" class=\"wp-image-606\" srcset=\"https:\/\/rvplaya.com\/wp-content\/uploads\/2024\/01\/Separador24.png 810w, https:\/\/rvplaya.com\/wp-content\/uploads\/2024\/01\/Separador24-300x8.png 300w, https:\/\/rvplaya.com\/wp-content\/uploads\/2024\/01\/Separador24-768x20.png 768w\" sizes=\"auto, (max-width: 810px) 100vw, 810px\" \/><\/figure>\n","protected":false},"excerpt":{"rendered":"<p>Te asesoramos con una gu\u00eda detallada desde la selecci\u00f3n de la propiedad hasta el cierre del trato, incluyendo asistencia legal para garantizar un proceso transparente y eficiente. Requerimos pasaporte vigente, forma migratoria, y un contrato de promesa de compraventa. Tambi\u00e9n te asesoramos en la obtenci\u00f3n del permiso de la Secretar\u00eda de Relaciones Exteriores. Adicionalmente ser\u00e1&#8230;<\/p>\n","protected":false},"author":4,"featured_media":0,"parent":0,"menu_order":0,"comment_status":"closed","ping_status":"closed","template":"","meta":{"_kad_post_transparent":"","_kad_post_title":"","_kad_post_layout":"","_kad_post_sidebar_id":"","_kad_post_content_style":"","_kad_post_vertical_padding":"","_kad_post_feature":"","_kad_post_feature_position":"","_kad_post_header":false,"_kad_post_footer":false,"_kad_post_classname":"","footnotes":""},"class_list":["post-806","page","type-page","status-publish","hentry"],"aioseo_notices":[],"_links":{"self":[{"href":"https:\/\/rvplaya.com\/index.php\/wp-json\/wp\/v2\/pages\/806","targetHints":{"allow":["GET"]}}],"collection":[{"href":"https:\/\/rvplaya.com\/index.php\/wp-json\/wp\/v2\/pages"}],"about":[{"href":"https:\/\/rvplaya.com\/index.php\/wp-json\/wp\/v2\/types\/page"}],"author":[{"embeddable":true,"href":"https:\/\/rvplaya.com\/index.php\/wp-json\/wp\/v2\/users\/4"}],"replies":[{"embeddable":true,"href":"https:\/\/rvplaya.com\/index.php\/wp-json\/wp\/v2\/comments?post=806"}],"version-history":[{"count":3,"href":"https:\/\/rvplaya.com\/index.php\/wp-json\/wp\/v2\/pages\/806\/revisions"}],"predecessor-version":[{"id":845,"href":"https:\/\/rvplaya.com\/index.php\/wp-json\/wp\/v2\/pages\/806\/revisions\/845"}],"wp:attachment":[{"href":"https:\/\/rvplaya.com\/index.php\/wp-json\/wp\/v2\/media?parent=806"}],"curies":[{"name":"wp","href":"https:\/\/api.w.org\/{rel}","templated":true}]}}