{"id":9,"date":"2022-07-07T01:11:09","date_gmt":"2022-07-07T01:11:09","guid":{"rendered":"https:\/\/rvplaya.com\/index.php\/home\/"},"modified":"2025-06-17T21:55:52","modified_gmt":"2025-06-18T02:55:52","slug":"home","status":"publish","type":"page","link":"https:\/\/rvplaya.com\/","title":{"rendered":"Inicio"},"content":{"rendered":"\n<figure class=\"wp-block-image alignwide size-large\"><img loading=\"lazy\" decoding=\"async\" width=\"1024\" height=\"448\" src=\"https:\/\/rvplaya.com\/wp-content\/uploads\/2024\/05\/RV-web-2024-1024x448.jpg\" alt=\"\" class=\"wp-image-801\" srcset=\"https:\/\/rvplaya.com\/wp-content\/uploads\/2024\/05\/RV-web-2024-1024x448.jpg 1024w, https:\/\/rvplaya.com\/wp-content\/uploads\/2024\/05\/RV-web-2024-300x131.jpg 300w, https:\/\/rvplaya.com\/wp-content\/uploads\/2024\/05\/RV-web-2024-768x336.jpg 768w, https:\/\/rvplaya.com\/wp-content\/uploads\/2024\/05\/RV-web-2024-1536x672.jpg 1536w, https:\/\/rvplaya.com\/wp-content\/uploads\/2024\/05\/RV-web-2024.jpg 1620w\" sizes=\"auto, (max-width: 1024px) 100vw, 1024px\" \/><\/figure>\n\n\n<div class=\"wp-block-image\">\n<figure class=\"aligncenter size-large is-resized\"><img loading=\"lazy\" decoding=\"async\" width=\"1024\" height=\"324\" src=\"https:\/\/rvplaya.com\/wp-content\/uploads\/2025\/06\/Slogan-4-1024x324.png\" alt=\"\" class=\"wp-image-1388\" style=\"width:634px;height:auto\" srcset=\"https:\/\/rvplaya.com\/wp-content\/uploads\/2025\/06\/Slogan-4-1024x324.png 1024w, https:\/\/rvplaya.com\/wp-content\/uploads\/2025\/06\/Slogan-4-300x95.png 300w, https:\/\/rvplaya.com\/wp-content\/uploads\/2025\/06\/Slogan-4-768x243.png 768w, https:\/\/rvplaya.com\/wp-content\/uploads\/2025\/06\/Slogan-4.png 1068w\" sizes=\"auto, (max-width: 1024px) 100vw, 1024px\" \/><\/figure>\n<\/div>\n\n\n<figure class=\"wp-block-image alignwide size-full\"><img loading=\"lazy\" decoding=\"async\" width=\"2560\" height=\"86\" src=\"https:\/\/rvplaya.com\/wp-content\/uploads\/2025\/06\/Separador-scaled.png\" alt=\"\" class=\"wp-image-1393\" srcset=\"https:\/\/rvplaya.com\/wp-content\/uploads\/2025\/06\/Separador-scaled.png 2560w, https:\/\/rvplaya.com\/wp-content\/uploads\/2025\/06\/Separador-300x10.png 300w, https:\/\/rvplaya.com\/wp-content\/uploads\/2025\/06\/Separador-1024x34.png 1024w, https:\/\/rvplaya.com\/wp-content\/uploads\/2025\/06\/Separador-768x26.png 768w, https:\/\/rvplaya.com\/wp-content\/uploads\/2025\/06\/Separador-1536x51.png 1536w, https:\/\/rvplaya.com\/wp-content\/uploads\/2025\/06\/Separador-2048x69.png 2048w\" sizes=\"auto, (max-width: 2560px) 100vw, 2560px\" \/><\/figure>\n\n\n<div class=\"wp-block-image\">\n<figure class=\"aligncenter size-large is-resized\"><img loading=\"lazy\" decoding=\"async\" width=\"1024\" height=\"108\" src=\"https:\/\/rvplaya.com\/wp-content\/uploads\/2025\/06\/Asesores-1-1024x108.png\" alt=\"\" class=\"wp-image-1387\" style=\"width:676px;height:auto\" srcset=\"https:\/\/rvplaya.com\/wp-content\/uploads\/2025\/06\/Asesores-1-1024x108.png 1024w, https:\/\/rvplaya.com\/wp-content\/uploads\/2025\/06\/Asesores-1-300x32.png 300w, https:\/\/rvplaya.com\/wp-content\/uploads\/2025\/06\/Asesores-1-768x81.png 768w, https:\/\/rvplaya.com\/wp-content\/uploads\/2025\/06\/Asesores-1-1536x162.png 1536w, https:\/\/rvplaya.com\/wp-content\/uploads\/2025\/06\/Asesores-1.png 1728w\" sizes=\"auto, (max-width: 1024px) 100vw, 1024px\" \/><\/figure>\n<\/div>\n\n\n<div class=\"wp-block-columns is-layout-flex wp-container-core-columns-is-layout-9d6595d7 wp-block-columns-is-layout-flex\">\n<div class=\"wp-block-column is-layout-flow wp-block-column-is-layout-flow\"><div class=\"wp-block-image\">\n<figure class=\"aligncenter size-full is-resized\"><a href=\"https:\/\/rvplaya.com\/index.php\/rentas-vacacionales\/\"><img loading=\"lazy\" decoding=\"async\" width=\"275\" height=\"183\" src=\"https:\/\/rvplaya.com\/wp-content\/uploads\/2025\/05\/images-6.jpeg\" alt=\"\" class=\"wp-image-1324\" style=\"width:370px;height:auto\"\/><\/a><\/figure>\n<\/div>\n\n\n<figure class=\"wp-block-image size-full\"><img loading=\"lazy\" decoding=\"async\" width=\"1112\" height=\"152\" src=\"https:\/\/rvplaya.com\/wp-content\/uploads\/2025\/06\/Vacacionales.png\" alt=\"\" class=\"wp-image-1390\" srcset=\"https:\/\/rvplaya.com\/wp-content\/uploads\/2025\/06\/Vacacionales.png 1112w, https:\/\/rvplaya.com\/wp-content\/uploads\/2025\/06\/Vacacionales-300x41.png 300w, https:\/\/rvplaya.com\/wp-content\/uploads\/2025\/06\/Vacacionales-1024x140.png 1024w, https:\/\/rvplaya.com\/wp-content\/uploads\/2025\/06\/Vacacionales-768x105.png 768w\" sizes=\"auto, (max-width: 1112px) 100vw, 1112px\" \/><\/figure>\n<\/div>\n\n\n\n<div class=\"wp-block-column is-layout-flow wp-block-column-is-layout-flow\"><div class=\"wp-block-image\">\n<figure class=\"aligncenter size-full is-resized\"><a href=\"https:\/\/rvplaya.com\/index.php\/renta-de-propiedades\/\"><img loading=\"lazy\" decoding=\"async\" width=\"194\" height=\"259\" src=\"https:\/\/rvplaya.com\/wp-content\/uploads\/2025\/05\/images.jpeg\" alt=\"\" class=\"wp-image-1322\" style=\"width:239px;height:auto\"\/><\/a><\/figure>\n<\/div>\n\n\n<figure class=\"wp-block-image size-full\"><img loading=\"lazy\" decoding=\"async\" width=\"1120\" height=\"179\" src=\"https:\/\/rvplaya.com\/wp-content\/uploads\/2025\/06\/Renta.png\" alt=\"\" class=\"wp-image-1391\" srcset=\"https:\/\/rvplaya.com\/wp-content\/uploads\/2025\/06\/Renta.png 1120w, https:\/\/rvplaya.com\/wp-content\/uploads\/2025\/06\/Renta-300x48.png 300w, https:\/\/rvplaya.com\/wp-content\/uploads\/2025\/06\/Renta-1024x164.png 1024w, https:\/\/rvplaya.com\/wp-content\/uploads\/2025\/06\/Renta-768x123.png 768w\" sizes=\"auto, (max-width: 1120px) 100vw, 1120px\" \/><\/figure>\n<\/div>\n\n\n\n<div class=\"wp-block-column is-layout-flow wp-block-column-is-layout-flow\"><div class=\"wp-block-image\">\n<figure class=\"aligncenter size-full is-resized\"><a href=\"https:\/\/rvplaya.com\/index.php\/venta-de-propiedades\/\"><img loading=\"lazy\" decoding=\"async\" width=\"271\" height=\"186\" src=\"https:\/\/rvplaya.com\/wp-content\/uploads\/2025\/05\/images-3-1.jpeg\" alt=\"\" class=\"wp-image-1325\" style=\"width:357px;height:auto\"\/><\/a><\/figure>\n<\/div>\n\n\n<figure class=\"wp-block-image size-full\"><img loading=\"lazy\" decoding=\"async\" width=\"1123\" height=\"189\" src=\"https:\/\/rvplaya.com\/wp-content\/uploads\/2025\/06\/Venta.png\" alt=\"\" class=\"wp-image-1392\" srcset=\"https:\/\/rvplaya.com\/wp-content\/uploads\/2025\/06\/Venta.png 1123w, https:\/\/rvplaya.com\/wp-content\/uploads\/2025\/06\/Venta-300x50.png 300w, https:\/\/rvplaya.com\/wp-content\/uploads\/2025\/06\/Venta-1024x172.png 1024w, https:\/\/rvplaya.com\/wp-content\/uploads\/2025\/06\/Venta-768x129.png 768w\" sizes=\"auto, (max-width: 1123px) 100vw, 1123px\" \/><\/figure>\n<\/div>\n<\/div>\n\n\n\n<figure class=\"wp-block-image alignwide size-full\"><img loading=\"lazy\" decoding=\"async\" width=\"2560\" height=\"86\" src=\"https:\/\/rvplaya.com\/wp-content\/uploads\/2025\/06\/Separador-1-scaled.png\" alt=\"\" class=\"wp-image-1394\" srcset=\"https:\/\/rvplaya.com\/wp-content\/uploads\/2025\/06\/Separador-1-scaled.png 2560w, https:\/\/rvplaya.com\/wp-content\/uploads\/2025\/06\/Separador-1-300x10.png 300w, https:\/\/rvplaya.com\/wp-content\/uploads\/2025\/06\/Separador-1-1024x34.png 1024w, https:\/\/rvplaya.com\/wp-content\/uploads\/2025\/06\/Separador-1-768x26.png 768w, https:\/\/rvplaya.com\/wp-content\/uploads\/2025\/06\/Separador-1-1536x51.png 1536w, https:\/\/rvplaya.com\/wp-content\/uploads\/2025\/06\/Separador-1-2048x69.png 2048w\" sizes=\"auto, (max-width: 2560px) 100vw, 2560px\" \/><\/figure>\n\n\n<div class=\"wp-block-image\">\n<figure class=\"aligncenter size-full is-resized\"><img loading=\"lazy\" decoding=\"async\" width=\"1431\" height=\"329\" src=\"https:\/\/rvplaya.com\/wp-content\/uploads\/2025\/06\/Hogar-1.png\" alt=\"\" class=\"wp-image-1389\" style=\"width:783px;height:auto\" srcset=\"https:\/\/rvplaya.com\/wp-content\/uploads\/2025\/06\/Hogar-1.png 1431w, https:\/\/rvplaya.com\/wp-content\/uploads\/2025\/06\/Hogar-1-300x69.png 300w, https:\/\/rvplaya.com\/wp-content\/uploads\/2025\/06\/Hogar-1-1024x235.png 1024w, https:\/\/rvplaya.com\/wp-content\/uploads\/2025\/06\/Hogar-1-768x177.png 768w\" sizes=\"auto, (max-width: 1431px) 100vw, 1431px\" \/><\/figure>\n<\/div>\n\n\n<h3 class=\"wp-block-heading has-text-align-center\"><strong>Explora nuestra selecci\u00f3n de propiedades en venta, en renta y de rentas vacacionales, cada una elegida cuidadosamente para cumplir con tus sue\u00f1os de vivienda. Ya sea que busques un acogedor departamento o una espaciosa casa, estamos aqu\u00ed para guiarte en cada paso. Empieza tu b\u00fasqueda hoy y descubre el lugar perfecto para llamarlo hogar<\/strong>.<\/h3>\n","protected":false},"excerpt":{"rendered":"<p>Explora nuestra selecci\u00f3n de propiedades en venta, en renta y de rentas vacacionales, cada una elegida cuidadosamente para cumplir con tus sue\u00f1os de vivienda. Ya sea que busques un acogedor departamento o una espaciosa casa, estamos aqu\u00ed para guiarte en cada paso. Empieza tu b\u00fasqueda hoy y descubre el lugar perfecto para llamarlo hogar.<\/p>\n","protected":false},"author":1,"featured_media":245,"parent":0,"menu_order":0,"comment_status":"closed","ping_status":"closed","template":"","meta":{"_kad_post_transparent":"","_kad_post_title":"","_kad_post_layout":"","_kad_post_sidebar_id":"","_kad_post_content_style":"","_kad_post_vertical_padding":"","_kad_post_feature":"","_kad_post_feature_position":"","_kad_post_header":false,"_kad_post_footer":false,"_kad_post_classname":"","footnotes":""},"class_list":["post-9","page","type-page","status-publish","has-post-thumbnail","hentry"],"aioseo_notices":[],"_links":{"self":[{"href":"https:\/\/rvplaya.com\/index.php\/wp-json\/wp\/v2\/pages\/9","targetHints":{"allow":["GET"]}}],"collection":[{"href":"https:\/\/rvplaya.com\/index.php\/wp-json\/wp\/v2\/pages"}],"about":[{"href":"https:\/\/rvplaya.com\/index.php\/wp-json\/wp\/v2\/types\/page"}],"author":[{"embeddable":true,"href":"https:\/\/rvplaya.com\/index.php\/wp-json\/wp\/v2\/users\/1"}],"replies":[{"embeddable":true,"href":"https:\/\/rvplaya.com\/index.php\/wp-json\/wp\/v2\/comments?post=9"}],"version-history":[{"count":15,"href":"https:\/\/rvplaya.com\/index.php\/wp-json\/wp\/v2\/pages\/9\/revisions"}],"predecessor-version":[{"id":1395,"href":"https:\/\/rvplaya.com\/index.php\/wp-json\/wp\/v2\/pages\/9\/revisions\/1395"}],"wp:featuredmedia":[{"embeddable":true,"href":"https:\/\/rvplaya.com\/index.php\/wp-json\/wp\/v2\/media\/245"}],"wp:attachment":[{"href":"https:\/\/rvplaya.com\/index.php\/wp-json\/wp\/v2\/media?parent=9"}],"curies":[{"name":"wp","href":"https:\/\/api.w.org\/{rel}","templated":true}]}}